{"id":1807,"date":"2022-02-17T20:46:24","date_gmt":"2022-02-17T20:46:24","guid":{"rendered":"https:\/\/arostriko.com.tr\/hakkimizda\/"},"modified":"2022-05-23T20:53:42","modified_gmt":"2022-05-23T20:53:42","slug":"hakkimizda","status":"publish","type":"page","link":"https:\/\/arostriko.com.tr\/tr\/hakkimizda\/","title":{"rendered":"HAKKIMIZDA"},"content":{"rendered":"<div class=\"wpb-content-wrapper\">[vc_row][vc_column]<div class=\"templatera_shortcode\"><style type=\"text\/css\" data-type=\"vc_shortcodes-custom-css\">.vc_custom_1650495828208{margin-top: 0px !important;margin-bottom: 0px !important;padding-top: 0px !important;padding-bottom: 0px !important;background-color: #f2f2f2 !important;}.vc_custom_1653420904815{border-top-width: 1px !important;background-color: #f2f2f2 !important;border-top-color: #ec2627 !important;border-top-style: solid !important;}.vc_custom_1650495901994{border-top-width: 1px !important;background-color: #f2f2f2 !important;border-top-color: #ec2627 !important;border-top-style: solid !important;}.vc_custom_1649252308338{margin-top: 0px !important;margin-right: 0px !important;margin-bottom: 0px !important;margin-left: 0px !important;padding-top: 0px !important;padding-right: 0px !important;padding-bottom: 0px !important;padding-left: 0px !important;}.vc_custom_1650490386655{padding-top: 2% !important;padding-right: 8% !important;}<\/style><div class=\"vc_row wpb_row vc_row-fluid vc_custom_1650495828208 wpex-relative wpex-vc_row-has-fill visible-desktop wpex-vc-row-boxed-layout-stretched vc_row-no-padding no-bottom-margins wpex-vc-reset-negative-margin\" style=\"min-height:99px;\"><div class=\"wpb_column vc_column_container vc_col-sm-12\"><div class=\"vc_column-inner vc_custom_1649252308338\"><div class=\"wpb_wrapper\"><\/div><\/div><\/div><\/div><div class=\"vc_row wpb_row vc_row-fluid vc_custom_1653420904815 vc_row-o-content-top vc_row-flex wpex-relative wpex-vc-has-custom-column-spacing wpex-vc-column-spacing-0px wpex-vc_row-has-fill hidden-phone wpex-vc-row-boxed-layout-stretched vc_row-no-padding no-bottom-margins wpex-vc-reset-negative-margin typography-black wpex-has-shape-divider-bottom\" style=\"min-height:101px;\"><div class=\"wpex-shape-divider wpex-shape-divider-triangle_asymmetrical wpex-shape-divider-bottom wpex-absolute wpex-overflow-hidden wpex-bottom-0 wpex-left-0 wpex-w-100 wpex-leading-none wpex-ltr\"><svg class=\"wpex-shape-divider-svg\" style=\"height:126px;width:calc(150% + 1.3px);\" xmlns=\"http:\/\/www.w3.org\/2000\/svg\" viewBox=\"0 0 1000 100\" preserveAspectRatio=\"none\"><path class=\"wpex-shape-divider-path\" fill=\"#ffffff\" d=\"M737.9,94.7L0,0v100h1000V0L737.9,94.7z\"\/><\/svg><\/div><div class=\"wpb_column vc_column_container vc_col-sm-12\"><div class=\"vc_column-inner\"><div class=\"wpb_wrapper\"><style>.vcex-page-title.vcex_69e235f2cf42f .vcex-page-title__heading{font-size:2.2rem;font-family:Questrial;font-weight:400;}<\/style><div class=\"vcex-page-title vcex-module wpex-text-right wpex-mb-0 vc_custom_1650490386655 vcex_69e235f2cf42f\"><h2 class=\"vcex-page-title__heading wpex-heading wpex-text-3xl\"><span class=\"vcex-page-title__text\">HAKKIMIZDA<\/span><\/h2><\/div><\/div><\/div><\/div><\/div><div class=\"vc_row wpb_row vc_row-fluid vc_custom_1650495901994 vc_row-o-content-top vc_row-flex wpex-relative wpex-vc-has-custom-column-spacing wpex-vc-column-spacing-0px wpex-vc_row-has-fill visible-phone wpex-vc-row-boxed-layout-stretched vc_row-no-padding no-bottom-margins wpex-vc-reset-negative-margin typography-black wpex-has-shape-divider-bottom\" style=\"min-height:60px;\"><div class=\"wpex-shape-divider wpex-shape-divider-triangle_asymmetrical wpex-shape-divider-bottom wpex-absolute wpex-overflow-hidden wpex-bottom-0 wpex-left-0 wpex-w-100 wpex-leading-none wpex-ltr\"><svg class=\"wpex-shape-divider-svg\" style=\"height:66px;width:calc(150% + 1.3px);\" xmlns=\"http:\/\/www.w3.org\/2000\/svg\" viewBox=\"0 0 1000 100\" preserveAspectRatio=\"none\"><path class=\"wpex-shape-divider-path\" fill=\"#ffffff\" d=\"M737.9,94.7L0,0v100h1000V0L737.9,94.7z\"\/><\/svg><\/div><div class=\"wpb_column vc_column_container vc_col-sm-12\"><div class=\"vc_column-inner\"><div class=\"wpb_wrapper\"><style>.vcex-page-title.vcex_69e235f2d120b .vcex-page-title__heading{font-size:2.2rem;font-family:Questrial;font-weight:400;}<\/style><div class=\"vcex-page-title vcex-module wpex-text-right wpex-mb-0 vc_custom_1650490386655 vcex_69e235f2d120b\"><h2 class=\"vcex-page-title__heading wpex-heading wpex-text-3xl\"><span class=\"vcex-page-title__text\">HAKKIMIZDA<\/span><\/h2><\/div><\/div><\/div><\/div><\/div><\/div>[\/vc_column][\/vc_row][vc_row full_width=&#8221;stretch_row_content_no_spaces&#8221; content_placement=&#8221;middle&#8221; remove_bottom_col_margin=&#8221;true&#8221; css=&#8221;.vc_custom_1649623809630{padding-top: 10% !important;padding-right: 10% !important;padding-left: 10% !important;background-color: #ffffff !important;}&#8221;][vc_column css=&#8221;.vc_custom_1648425280294{margin-top: 0px !important;padding-top: 0px !important;}&#8221;][vc_column_text responsive_text=&#8221;true&#8221; font_family=&#8221;Questrial&#8221;]Aros Triko Uzun ailesinin <strong>60 y\u0131ll\u0131k deneyimi <\/strong>\u00fczerine <strong>2003 <\/strong>y\u0131l\u0131nda kurulmu\u015ftur.<br \/>\nAros Triko, M\u00fc\u015fterine rekabet\u00e7i avantajlar sa\u011flayarak yenilik\u00e7i Triko \u00fcretimi ve servisi vermektedir. T\u00fcm R&amp;D ekibimiz ve \u00fcretim tesislerimiz bu ama\u00e7la tasarlanm\u0131\u015ft\u0131r.<br \/>\nAros Triko \u2018nun t\u00fcm operasyonlar\u0131 uluslar aras\u0131 standartlarda ve m\u00fc\u015fterinin memnuniyetini, sosyal ve \u00e7evre konular\u0131nda \u00f6zen g\u00f6stererek s\u00fcrmektedir.<\/p>\n<p>Firmam\u0131z, \u0130stanbul&#8217;da <strong>2500 m2 kapal\u0131 alan<\/strong>a sahip olup y\u0131lda <strong>4.000.000<\/strong> adet her t\u00fcrl\u00fc triko \u00fcretim kapasitesine sahiptir.<br \/>\nHizmetimiz, m\u00fc\u015fterilerimizin ihtiya\u00e7lar\u0131n\u0131 dinlemek , anlamak ve m\u00fc\u015fterilerimizin vizyonunu payla\u015fmak \u00fczerine kuruludur.<br \/>\nAmac\u0131m\u0131z bu anlay\u0131\u015f\u0131 rekabet\u00e7i fiyat ve daha k\u0131sa teslim s\u00fcresi politikas\u0131 ile ola\u011fan\u00fcst\u00fc bir \u00fcr\u00fcne d\u00f6n\u00fc\u015ft\u00fcrmektir.[\/vc_column_text][vc_empty_space]<div class=\"wpex-slider-preloaderimg wpex-relative\"><img width=\"1920\" height=\"1080\" src=\"https:\/\/arostriko.com.tr\/wp-content\/uploads\/2022\/03\/21-1.png\" class=\"skip-lazy\" alt=\"\" data-no-lazy=\"1\" srcset=\"https:\/\/arostriko.com.tr\/wp-content\/uploads\/2022\/03\/21-1.png 1920w, https:\/\/arostriko.com.tr\/wp-content\/uploads\/2022\/03\/21-1-300x169.png 300w, https:\/\/arostriko.com.tr\/wp-content\/uploads\/2022\/03\/21-1-1024x576.png 1024w, https:\/\/arostriko.com.tr\/wp-content\/uploads\/2022\/03\/21-1-768x432.png 768w, https:\/\/arostriko.com.tr\/wp-content\/uploads\/2022\/03\/21-1-1536x864.png 1536w, https:\/\/arostriko.com.tr\/wp-content\/uploads\/2022\/03\/21-1-178x100.png 178w, https:\/\/arostriko.com.tr\/wp-content\/uploads\/2022\/03\/21-1-213x120.png 213w\" sizes=\"(max-width: 1920px) 100vw, 1920px\" \/><\/div><div class=\"vcex-image-slider vcex-module wpex-slider slider-pro wpex-clr\" data-loop=\"true\" data-auto-play-delay=\"5000\" data-animation-speed=\"600\" data-height-animation-duration=\"500\" data-thumbnail-height=\"70\" data-thumbnail-width=\"70\"><div class=\"wpex-slider-slides sp-slides\"><div class=\"wpex-slider-slide sp-slide\"><div class=\"wpex-slider-media wpex-relative\"><img width=\"1920\" height=\"1080\" src=\"https:\/\/arostriko.com.tr\/wp-content\/uploads\/2022\/03\/21-1.png\" class=\"skip-lazy\" alt=\"\" data-no-lazy=\"1\" srcset=\"https:\/\/arostriko.com.tr\/wp-content\/uploads\/2022\/03\/21-1.png 1920w, https:\/\/arostriko.com.tr\/wp-content\/uploads\/2022\/03\/21-1-300x169.png 300w, https:\/\/arostriko.com.tr\/wp-content\/uploads\/2022\/03\/21-1-1024x576.png 1024w, https:\/\/arostriko.com.tr\/wp-content\/uploads\/2022\/03\/21-1-768x432.png 768w, https:\/\/arostriko.com.tr\/wp-content\/uploads\/2022\/03\/21-1-1536x864.png 1536w, https:\/\/arostriko.com.tr\/wp-content\/uploads\/2022\/03\/21-1-178x100.png 178w, https:\/\/arostriko.com.tr\/wp-content\/uploads\/2022\/03\/21-1-213x120.png 213w\" sizes=\"(max-width: 1920px) 100vw, 1920px\" \/><\/div><\/div><div class=\"wpex-slider-slide sp-slide\"><div class=\"wpex-slider-media wpex-relative\"><img width=\"1920\" height=\"1080\" src=\"https:\/\/arostriko.com.tr\/wp-content\/uploads\/2022\/03\/20-1.png\" class=\"skip-lazy\" alt=\"\" data-no-lazy=\"1\" srcset=\"https:\/\/arostriko.com.tr\/wp-content\/uploads\/2022\/03\/20-1.png 1920w, https:\/\/arostriko.com.tr\/wp-content\/uploads\/2022\/03\/20-1-300x169.png 300w, https:\/\/arostriko.com.tr\/wp-content\/uploads\/2022\/03\/20-1-1024x576.png 1024w, https:\/\/arostriko.com.tr\/wp-content\/uploads\/2022\/03\/20-1-768x432.png 768w, https:\/\/arostriko.com.tr\/wp-content\/uploads\/2022\/03\/20-1-1536x864.png 1536w, https:\/\/arostriko.com.tr\/wp-content\/uploads\/2022\/03\/20-1-178x100.png 178w, https:\/\/arostriko.com.tr\/wp-content\/uploads\/2022\/03\/20-1-213x120.png 213w\" sizes=\"(max-width: 1920px) 100vw, 1920px\" \/><\/div><\/div><div class=\"wpex-slider-slide sp-slide\"><div class=\"wpex-slider-media wpex-relative\"><img width=\"1920\" height=\"1080\" src=\"https:\/\/arostriko.com.tr\/wp-content\/uploads\/2022\/03\/30.png\" class=\"skip-lazy\" alt=\"\" data-no-lazy=\"1\" srcset=\"https:\/\/arostriko.com.tr\/wp-content\/uploads\/2022\/03\/30.png 1920w, https:\/\/arostriko.com.tr\/wp-content\/uploads\/2022\/03\/30-300x169.png 300w, https:\/\/arostriko.com.tr\/wp-content\/uploads\/2022\/03\/30-1024x576.png 1024w, https:\/\/arostriko.com.tr\/wp-content\/uploads\/2022\/03\/30-768x432.png 768w, https:\/\/arostriko.com.tr\/wp-content\/uploads\/2022\/03\/30-1536x864.png 1536w, https:\/\/arostriko.com.tr\/wp-content\/uploads\/2022\/03\/30-178x100.png 178w, https:\/\/arostriko.com.tr\/wp-content\/uploads\/2022\/03\/30-213x120.png 213w\" sizes=\"(max-width: 1920px) 100vw, 1920px\" \/><\/div><\/div><\/div><\/div>[\/vc_column][\/vc_row][vc_row][vc_column]<div class=\"templatera_shortcode\"><style type=\"text\/css\" data-type=\"vc_shortcodes-custom-css\">.vc_custom_1650495476877{background-color: #f2f2f2 !important;}.vc_custom_1650490919434{border-bottom-width: 1px !important;padding-top: 10px !important;background-color: #f2f2f2 !important;border-bottom-color: #ec2627 !important;border-bottom-style: solid !important;}.vc_custom_1650495581041{background-color: #f2f2f2 !important;}.vc_custom_1650495573360{border-bottom-width: 1px !important;padding-top: 10px !important;background-color: #f2f2f2 !important;border-bottom-color: #ec2627 !important;border-bottom-style: solid !important;}<\/style><div class=\"vc_row wpb_row vc_row-fluid vc_custom_1650495476877 wpex-relative wpex-vc_row-has-fill hidden-phone wpex-vc-row-boxed-layout-stretched vc_row-no-padding wpex-vc-reset-negative-margin wpex-has-shape-divider-top\" style=\"min-height:100px;\"><div class=\"wpex-shape-divider wpex-shape-divider-triangle_asymmetrical wpex-shape-divider-top wpex-absolute wpex-overflow-hidden wpex-top-0 wpex-left-0 wpex-w-100 wpex-leading-none wpex-ltr\"><svg class=\"wpex-shape-divider-svg\" style=\"height:126px;width:calc(150% + 1.3px);\" xmlns=\"http:\/\/www.w3.org\/2000\/svg\" viewBox=\"0 0 1000 100\" preserveAspectRatio=\"none\"><path class=\"wpex-shape-divider-path\" fill=\"#fff\" d=\"M738,99l262-93V0H0v5.6L738,99z\"\/><\/svg><\/div><div class=\"wpb_column vc_column_container vc_col-sm-12\"><div class=\"vc_column-inner\"><div class=\"wpb_wrapper\"><div class=\"vc_empty_space\"   style=\"height: 120px\"><span class=\"vc_empty_space_inner\"><\/span><\/div><\/div><\/div><\/div><\/div><div class=\"vc_row wpb_row vc_row-fluid vc_custom_1650490919434 wpex-relative wpex-vc_row-has-fill hidden-phone wpex-vc-row-boxed-layout-stretched vc_row-no-padding no-bottom-margins wpex-vc-reset-negative-margin\"><div class=\"wpb_column vc_column_container vc_col-sm-12\"><div class=\"vc_column-inner\"><div class=\"wpb_wrapper\">\n\t<div  class=\"wpb_single_image wpb_content_element vc_align_ wpb_content_element\">\n\t\t\n\t\t<figure class=\"wpb_wrapper vc_figure\">\n\t\t\t<div class=\"vc_single_image-wrapper   vc_box_border_grey\"><img width=\"1066\" height=\"100\" src=\"https:\/\/arostriko.com.tr\/wp-content\/uploads\/2022\/04\/logolar-1.png\" class=\"vc_single_image-img attachment-full\" alt=\"\" title=\"logolar\" srcset=\"https:\/\/arostriko.com.tr\/wp-content\/uploads\/2022\/04\/logolar-1.png 1066w, https:\/\/arostriko.com.tr\/wp-content\/uploads\/2022\/04\/logolar-1-300x28.png 300w, https:\/\/arostriko.com.tr\/wp-content\/uploads\/2022\/04\/logolar-1-1024x96.png 1024w, https:\/\/arostriko.com.tr\/wp-content\/uploads\/2022\/04\/logolar-1-768x72.png 768w\" sizes=\"(max-width: 1066px) 100vw, 1066px\" \/><\/div>\n\t\t<\/figure>\n\t<\/div>\n<\/div><\/div><\/div><\/div><div class=\"vc_row wpb_row vc_row-fluid vc_custom_1650495581041 wpex-relative wpex-vc_row-has-fill visible-phone wpex-vc-row-boxed-layout-stretched vc_row-no-padding wpex-vc-reset-negative-margin wpex-has-shape-divider-top\" style=\"min-height:20px;\"><div class=\"wpex-shape-divider wpex-shape-divider-triangle_asymmetrical wpex-shape-divider-top wpex-absolute wpex-overflow-hidden wpex-top-0 wpex-left-0 wpex-w-100 wpex-leading-none wpex-ltr\"><svg class=\"wpex-shape-divider-svg\" style=\"height:46px;width:calc(150% + 1.3px);\" xmlns=\"http:\/\/www.w3.org\/2000\/svg\" viewBox=\"0 0 1000 100\" preserveAspectRatio=\"none\"><path class=\"wpex-shape-divider-path\" fill=\"#fff\" d=\"M738,99l262-93V0H0v5.6L738,99z\"\/><\/svg><\/div><div class=\"wpb_column vc_column_container vc_col-sm-12\"><div class=\"vc_column-inner\"><div class=\"wpb_wrapper\"><div class=\"vc_empty_space\"   style=\"height: 40px\"><span class=\"vc_empty_space_inner\"><\/span><\/div><\/div><\/div><\/div><\/div><div class=\"vc_row wpb_row vc_row-fluid vc_custom_1650495573360 wpex-relative wpex-vc_row-has-fill visible-phone wpex-vc-row-boxed-layout-stretched vc_row-no-padding no-bottom-margins wpex-vc-reset-negative-margin\"><div class=\"wpb_column vc_column_container vc_col-sm-12\"><div class=\"vc_column-inner\"><div class=\"wpb_wrapper\">\n\t<div  class=\"wpb_single_image wpb_content_element vc_align_ wpb_content_element\">\n\t\t\n\t\t<figure class=\"wpb_wrapper vc_figure\">\n\t\t\t<div class=\"vc_single_image-wrapper   vc_box_border_grey\"><img width=\"1066\" height=\"100\" src=\"https:\/\/arostriko.com.tr\/wp-content\/uploads\/2022\/04\/logolar-1.png\" class=\"vc_single_image-img attachment-full\" alt=\"\" title=\"logolar\" srcset=\"https:\/\/arostriko.com.tr\/wp-content\/uploads\/2022\/04\/logolar-1.png 1066w, https:\/\/arostriko.com.tr\/wp-content\/uploads\/2022\/04\/logolar-1-300x28.png 300w, https:\/\/arostriko.com.tr\/wp-content\/uploads\/2022\/04\/logolar-1-1024x96.png 1024w, https:\/\/arostriko.com.tr\/wp-content\/uploads\/2022\/04\/logolar-1-768x72.png 768w\" sizes=\"(max-width: 1066px) 100vw, 1066px\" \/><\/div>\n\t\t<\/figure>\n\t<\/div>\n<\/div><\/div><\/div><\/div>\n<\/div>[\/vc_column][\/vc_row]\n<\/div>","protected":false},"excerpt":{"rendered":"HAKKIMIZDAHAKKIMIZDA Aros Triko Uzun ailesinin 60 y\u0131ll\u0131k deneyimi \u00fczerine 2003 y\u0131l\u0131nda kurulmu\u015ftur. Aros Triko, M\u00fc\u015fterine rekabet\u00e7i avantajlar sa\u011flayarak yenilik\u00e7i Triko \u00fcretimi ve servisi vermektedir. T\u00fcm R&amp;D ekibimiz ve \u00fcretim tesislerimiz bu ama\u00e7la tasarlanm\u0131\u015ft\u0131r. Aros Triko \u2018nun t\u00fcm operasyonlar\u0131 uluslar aras\u0131 standartlarda ve m\u00fc\u015fterinin memnuniyetini, sosyal ve \u00e7evre konular\u0131nda \u00f6zen g\u00f6stererek s\u00fcrmektedir. Firmam\u0131z, \u0130stanbul'da 2500 m2&hellip;","protected":false},"author":1,"featured_media":0,"parent":0,"menu_order":0,"comment_status":"closed","ping_status":"closed","template":"","meta":{"footnotes":""},"class_list":["post-1807","page","type-page","status-publish","hentry","entry","no-media"],"_links":{"self":[{"href":"https:\/\/arostriko.com.tr\/tr\/wp-json\/wp\/v2\/pages\/1807","targetHints":{"allow":["GET"]}}],"collection":[{"href":"https:\/\/arostriko.com.tr\/tr\/wp-json\/wp\/v2\/pages"}],"about":[{"href":"https:\/\/arostriko.com.tr\/tr\/wp-json\/wp\/v2\/types\/page"}],"author":[{"embeddable":true,"href":"https:\/\/arostriko.com.tr\/tr\/wp-json\/wp\/v2\/users\/1"}],"replies":[{"embeddable":true,"href":"https:\/\/arostriko.com.tr\/tr\/wp-json\/wp\/v2\/comments?post=1807"}],"version-history":[{"count":0,"href":"https:\/\/arostriko.com.tr\/tr\/wp-json\/wp\/v2\/pages\/1807\/revisions"}],"wp:attachment":[{"href":"https:\/\/arostriko.com.tr\/tr\/wp-json\/wp\/v2\/media?parent=1807"}],"curies":[{"name":"wp","href":"https:\/\/api.w.org\/{rel}","templated":true}]}}