{"id":1811,"date":"2022-02-20T22:09:10","date_gmt":"2022-02-20T19:09:10","guid":{"rendered":"https:\/\/arostriko.com.tr\/hizmetlerimiz\/"},"modified":"2025-12-17T21:29:11","modified_gmt":"2025-12-17T18:29:11","slug":"hizmetlerimiz","status":"publish","type":"page","link":"https:\/\/arostriko.com.tr\/tr\/hizmetlerimiz\/","title":{"rendered":"H\u0130ZMETLER\u0130M\u0130Z"},"content":{"rendered":"<div class=\"wpb-content-wrapper\">[vc_row][vc_column]<div class=\"templatera_shortcode\"><style type=\"text\/css\" data-type=\"vc_shortcodes-custom-css\">.vc_custom_1650495828208{margin-top: 0px !important;margin-bottom: 0px !important;padding-top: 0px !important;padding-bottom: 0px !important;background-color: #f2f2f2 !important;}.vc_custom_1653420904815{border-top-width: 1px !important;background-color: #f2f2f2 !important;border-top-color: #ec2627 !important;border-top-style: solid !important;}.vc_custom_1650495901994{border-top-width: 1px !important;background-color: #f2f2f2 !important;border-top-color: #ec2627 !important;border-top-style: solid !important;}.vc_custom_1649252308338{margin-top: 0px !important;margin-right: 0px !important;margin-bottom: 0px !important;margin-left: 0px !important;padding-top: 0px !important;padding-right: 0px !important;padding-bottom: 0px !important;padding-left: 0px !important;}.vc_custom_1650490386655{padding-top: 2% !important;padding-right: 8% !important;}<\/style><div class=\"vc_row wpb_row vc_row-fluid vc_custom_1650495828208 wpex-relative wpex-vc_row-has-fill visible-desktop wpex-vc-row-boxed-layout-stretched vc_row-no-padding no-bottom-margins wpex-vc-reset-negative-margin\" style=\"min-height:99px;\"><div class=\"wpb_column vc_column_container vc_col-sm-12\"><div class=\"vc_column-inner vc_custom_1649252308338\"><div class=\"wpb_wrapper\"><\/div><\/div><\/div><\/div><div class=\"vc_row wpb_row vc_row-fluid vc_custom_1653420904815 vc_row-o-content-top vc_row-flex wpex-relative wpex-vc-has-custom-column-spacing wpex-vc-column-spacing-0px wpex-vc_row-has-fill hidden-phone wpex-vc-row-boxed-layout-stretched vc_row-no-padding no-bottom-margins wpex-vc-reset-negative-margin typography-black wpex-has-shape-divider-bottom\" style=\"min-height:101px;\"><div class=\"wpex-shape-divider wpex-shape-divider-triangle_asymmetrical wpex-shape-divider-bottom wpex-absolute wpex-overflow-hidden wpex-bottom-0 wpex-left-0 wpex-w-100 wpex-leading-none wpex-ltr\"><svg class=\"wpex-shape-divider-svg\" style=\"height:126px;width:calc(150% + 1.3px);\" xmlns=\"http:\/\/www.w3.org\/2000\/svg\" viewBox=\"0 0 1000 100\" preserveAspectRatio=\"none\"><path class=\"wpex-shape-divider-path\" fill=\"#ffffff\" d=\"M737.9,94.7L0,0v100h1000V0L737.9,94.7z\"\/><\/svg><\/div><div class=\"wpb_column vc_column_container vc_col-sm-12\"><div class=\"vc_column-inner\"><div class=\"wpb_wrapper\"><style>.vcex-page-title.vcex_69e374c072c1b .vcex-page-title__heading{font-size:2.2rem;font-family:Questrial;font-weight:400;}<\/style><div class=\"vcex-page-title vcex-module wpex-text-right wpex-mb-0 vc_custom_1650490386655 vcex_69e374c072c1b\"><h2 class=\"vcex-page-title__heading wpex-heading wpex-text-3xl\"><span class=\"vcex-page-title__text\">H\u0130ZMETLER\u0130M\u0130Z<\/span><\/h2><\/div><\/div><\/div><\/div><\/div><div class=\"vc_row wpb_row vc_row-fluid vc_custom_1650495901994 vc_row-o-content-top vc_row-flex wpex-relative wpex-vc-has-custom-column-spacing wpex-vc-column-spacing-0px wpex-vc_row-has-fill visible-phone wpex-vc-row-boxed-layout-stretched vc_row-no-padding no-bottom-margins wpex-vc-reset-negative-margin typography-black wpex-has-shape-divider-bottom\" style=\"min-height:60px;\"><div class=\"wpex-shape-divider wpex-shape-divider-triangle_asymmetrical wpex-shape-divider-bottom wpex-absolute wpex-overflow-hidden wpex-bottom-0 wpex-left-0 wpex-w-100 wpex-leading-none wpex-ltr\"><svg class=\"wpex-shape-divider-svg\" style=\"height:66px;width:calc(150% + 1.3px);\" xmlns=\"http:\/\/www.w3.org\/2000\/svg\" viewBox=\"0 0 1000 100\" preserveAspectRatio=\"none\"><path class=\"wpex-shape-divider-path\" fill=\"#ffffff\" d=\"M737.9,94.7L0,0v100h1000V0L737.9,94.7z\"\/><\/svg><\/div><div class=\"wpb_column vc_column_container vc_col-sm-12\"><div class=\"vc_column-inner\"><div class=\"wpb_wrapper\"><style>.vcex-page-title.vcex_69e374c075820 .vcex-page-title__heading{font-size:2.2rem;font-family:Questrial;font-weight:400;}<\/style><div class=\"vcex-page-title vcex-module wpex-text-right wpex-mb-0 vc_custom_1650490386655 vcex_69e374c075820\"><h2 class=\"vcex-page-title__heading wpex-heading wpex-text-3xl\"><span class=\"vcex-page-title__text\">H\u0130ZMETLER\u0130M\u0130Z<\/span><\/h2><\/div><\/div><\/div><\/div><\/div><\/div>[\/vc_column][\/vc_row][vc_row full_width=&#8221;stretch_row_content_no_spaces&#8221; content_placement=&#8221;bottom&#8221; equal_height=&#8221;yes&#8221; css=&#8221;.vc_custom_1650488207024{padding-top: 4% !important;padding-right: 10% !important;padding-left: 10% !important;background-color: rgba(255,255,255,0.65) !important;*background-color: rgb(255,255,255) !important;}&#8221;][vc_column width=&#8221;1\/2&#8243;]<style>.vcex-heading.vcex_69e374c076526{border-color:#f2f2f2;}<\/style><h2 class=\"vcex-heading vcex-heading-bottom-border vcex-module wpex-heading wpex-text-2xl wpex-h2 wpex-text-left vc_custom_1650488315334 wpex-border-b wpex-border-solid wpex-border-main vcex_69e374c076526\"><span class=\"vcex-heading-inner wpex-inline-block\">G\u00dc\u00c7L\u00dc Y\u00d6NLER\u0130M\u0130Z<\/span><\/h2><style>.vcex-bullets.vcex_69e374c076f93 .vcex-bullets-icon{color:var(--wpex-palette-186-color);}.vcex-bullets.vcex_69e374c076f93{font-size:1.2rem;font-family:Questrial;}<\/style><div class=\"vcex-module vcex-bullets vcex-bullets--vertical custom-icon vcex_69e374c076f93\">\n<ul role=\"list\">\n<li><div class=\"vcex-bullets-ci-wrap wpex-inline-flex\"><span class=\"vcex-bullets-icon-wrap vcex-icon-wrap wpex-mr-10\"><span class=\"vcex-bullets-icon vcex-icon fas fa-check-circle\" aria-hidden=\"true\"><\/span><\/span><div class=\"vcex-content wpex-flex-grow\">Kapsaml\u0131 Ara\u015ft\u0131rma ve Tasar\u0131m<\/div><\/div><\/li>\n<li><div class=\"vcex-bullets-ci-wrap wpex-inline-flex\"><span class=\"vcex-bullets-icon-wrap vcex-icon-wrap wpex-mr-10\"><span class=\"vcex-bullets-icon vcex-icon fas fa-check-circle\" aria-hidden=\"true\"><\/span><\/span><div class=\"vcex-content wpex-flex-grow\">M\u00fckemmel ve Deneyimli \u0130plik Tedari\u011fi<\/div><\/div><\/li>\n<li><div class=\"vcex-bullets-ci-wrap wpex-inline-flex\"><span class=\"vcex-bullets-icon-wrap vcex-icon-wrap wpex-mr-10\"><span class=\"vcex-bullets-icon vcex-icon fas fa-check-circle\" aria-hidden=\"true\"><\/span><\/span><div class=\"vcex-content wpex-flex-grow\">Profesyonel Sipari\u015f Y\u00f6netimi<\/div><\/div><\/li>\n<li><div class=\"vcex-bullets-ci-wrap wpex-inline-flex\"><span class=\"vcex-bullets-icon-wrap vcex-icon-wrap wpex-mr-10\"><span class=\"vcex-bullets-icon vcex-icon fas fa-check-circle\" aria-hidden=\"true\"><\/span><\/span><div class=\"vcex-content wpex-flex-grow\">Rekabet\u00e7i fiyatlar<\/div><\/div><\/li>\n<li><div class=\"vcex-bullets-ci-wrap wpex-inline-flex\"><span class=\"vcex-bullets-icon-wrap vcex-icon-wrap wpex-mr-10\"><span class=\"vcex-bullets-icon vcex-icon fas fa-check-circle\" aria-hidden=\"true\"><\/span><\/span><div class=\"vcex-content wpex-flex-grow\">M\u00fckemmel ileti\u015fim<\/div><\/div><\/li>\n<li><div class=\"vcex-bullets-ci-wrap wpex-inline-flex\"><span class=\"vcex-bullets-icon-wrap vcex-icon-wrap wpex-mr-10\"><span class=\"vcex-bullets-icon vcex-icon fas fa-check-circle\" aria-hidden=\"true\"><\/span><\/span><div class=\"vcex-content wpex-flex-grow\">S\u00fcrd\u00fcrebilirlik<\/div><\/div><\/li>\n<li><div class=\"vcex-bullets-ci-wrap wpex-inline-flex\"><span class=\"vcex-bullets-icon-wrap vcex-icon-wrap wpex-mr-10\"><span class=\"vcex-bullets-icon vcex-icon fas fa-check-circle\" aria-hidden=\"true\"><\/span><\/span><div class=\"vcex-content wpex-flex-grow\">Esneklik<\/div><\/div><\/li>\n<li><div class=\"vcex-bullets-ci-wrap wpex-inline-flex\"><span class=\"vcex-bullets-icon-wrap vcex-icon-wrap wpex-mr-10\"><span class=\"vcex-bullets-icon vcex-icon fas fa-check-circle\" aria-hidden=\"true\"><\/span><\/span><div class=\"vcex-content wpex-flex-grow\">Yenilik<\/div><\/div><\/li>\n<\/ul>\n<\/div>[\/vc_column][vc_column width=&#8221;1\/2&#8243;][vc_column_text responsive_text=&#8221;true&#8221; font_family=&#8221;Questrial&#8221;]\u0130plik ve \u00f6rme konusunda ge\u00e7mi\u015ften gelen m\u00fckemmel <span style=\"color: #ec2627;\">bilgi ve tecr\u00fcbe<\/span> ile g\u00fcn\u00fcm\u00fcz\u00fcn<span style=\"color: #ec2627;\"> en son teknolojisini<\/span> kullanarak m\u00fckemmel bir \u00fcretim tasarl\u0131yoruz.<\/p>\n<p><span style=\"color: #ec2627;\">Y\u00fcksek vas\u0131fl\u0131 personelimiz<\/span>, y\u00fcksek teknolojili \u00fcretim hatt\u0131m\u0131z ile m\u00fc\u015fterilerimize k\u0131sa teslim s\u00fcrelerinde ve daha <span style=\"color: #ec2627;\">rekabet\u00e7i fiyatlarla<\/span> <span style=\"color: #ec2627;\">en iyi hizmeti<\/span> vermek.[\/vc_column_text][\/vc_column][\/vc_row][vc_row full_width=&#8221;stretch_row_content_no_spaces&#8221; content_placement=&#8221;middle&#8221; css=&#8221;.vc_custom_1650419163389{padding-top: 5% !important;padding-right: 10% !important;padding-left: 10% !important;}&#8221;][vc_column][vc_empty_space]<style>.vcex-image-grid.vcex_69e374c077f76{--wpex-row-gap:1px;}<\/style><div class=\"vcex-image-grid-wrap\"><div class=\"vcex-module vcex-image-grid grid-style-default wpex-row wpex-clr wpex-lightbox-group vcex_69e374c077f76\"><div class=\"id-1790 vcex-image-grid-entry vcex-grid-item wpex-text-center span_1_of_2 col col-1\"><figure class=\"vcex-image-grid-entry-figure wpex-last-mb-0 wpex-clr\"><div class=\"vcex-image-grid-entry-img entry-media wpex-relative wpex-mb-20\"><a href=\"https:\/\/arostriko.com.tr\/wp-content\/uploads\/2022\/03\/25.png\" class=\"vcex-image-grid-entry-link wpex-lightbox-group-item\" ><img width=\"1920\" height=\"1080\" src=\"https:\/\/arostriko.com.tr\/wp-content\/uploads\/2022\/03\/25.png\" class=\"wpex-align-middle\" alt=\"\" loading=\"lazy\" decoding=\"async\" srcset=\"https:\/\/arostriko.com.tr\/wp-content\/uploads\/2022\/03\/25.png 1920w, https:\/\/arostriko.com.tr\/wp-content\/uploads\/2022\/03\/25-300x169.png 300w, https:\/\/arostriko.com.tr\/wp-content\/uploads\/2022\/03\/25-1024x576.png 1024w, https:\/\/arostriko.com.tr\/wp-content\/uploads\/2022\/03\/25-768x432.png 768w, https:\/\/arostriko.com.tr\/wp-content\/uploads\/2022\/03\/25-1536x864.png 1536w\" sizes=\"auto, (max-width: 1920px) 100vw, 1920px\" \/><\/a><\/div><\/figure><\/div><div class=\"id-1791 vcex-image-grid-entry vcex-grid-item wpex-text-center span_1_of_2 col col-2\"><figure class=\"vcex-image-grid-entry-figure wpex-last-mb-0 wpex-clr\"><div class=\"vcex-image-grid-entry-img entry-media wpex-relative wpex-mb-20\"><a href=\"https:\/\/arostriko.com.tr\/wp-content\/uploads\/2022\/03\/26.png\" class=\"vcex-image-grid-entry-link wpex-lightbox-group-item\" ><img width=\"1920\" height=\"1080\" src=\"https:\/\/arostriko.com.tr\/wp-content\/uploads\/2022\/03\/26.png\" class=\"wpex-align-middle\" alt=\"\" loading=\"lazy\" decoding=\"async\" srcset=\"https:\/\/arostriko.com.tr\/wp-content\/uploads\/2022\/03\/26.png 1920w, https:\/\/arostriko.com.tr\/wp-content\/uploads\/2022\/03\/26-300x169.png 300w, https:\/\/arostriko.com.tr\/wp-content\/uploads\/2022\/03\/26-1024x576.png 1024w, https:\/\/arostriko.com.tr\/wp-content\/uploads\/2022\/03\/26-768x432.png 768w, https:\/\/arostriko.com.tr\/wp-content\/uploads\/2022\/03\/26-1536x864.png 1536w\" sizes=\"auto, (max-width: 1920px) 100vw, 1920px\" \/><\/a><\/div><\/figure><\/div><div class=\"id-1793 vcex-image-grid-entry vcex-grid-item wpex-text-center span_1_of_2 col col-1\"><figure class=\"vcex-image-grid-entry-figure wpex-last-mb-0 wpex-clr\"><div class=\"vcex-image-grid-entry-img entry-media wpex-relative wpex-mb-20\"><a href=\"https:\/\/arostriko.com.tr\/wp-content\/uploads\/2022\/03\/28.png\" class=\"vcex-image-grid-entry-link wpex-lightbox-group-item\" ><img width=\"1920\" height=\"1080\" src=\"https:\/\/arostriko.com.tr\/wp-content\/uploads\/2022\/03\/28.png\" class=\"wpex-align-middle\" alt=\"\" loading=\"lazy\" decoding=\"async\" srcset=\"https:\/\/arostriko.com.tr\/wp-content\/uploads\/2022\/03\/28.png 1920w, https:\/\/arostriko.com.tr\/wp-content\/uploads\/2022\/03\/28-300x169.png 300w, https:\/\/arostriko.com.tr\/wp-content\/uploads\/2022\/03\/28-1024x576.png 1024w, https:\/\/arostriko.com.tr\/wp-content\/uploads\/2022\/03\/28-768x432.png 768w, https:\/\/arostriko.com.tr\/wp-content\/uploads\/2022\/03\/28-1536x864.png 1536w\" sizes=\"auto, (max-width: 1920px) 100vw, 1920px\" \/><\/a><\/div><\/figure><\/div><div class=\"id-1792 vcex-image-grid-entry vcex-grid-item wpex-text-center span_1_of_2 col col-2\"><figure class=\"vcex-image-grid-entry-figure wpex-last-mb-0 wpex-clr\"><div class=\"vcex-image-grid-entry-img entry-media wpex-relative wpex-mb-20\"><a href=\"https:\/\/arostriko.com.tr\/wp-content\/uploads\/2022\/03\/27.png\" class=\"vcex-image-grid-entry-link wpex-lightbox-group-item\" ><img width=\"1920\" height=\"1080\" src=\"https:\/\/arostriko.com.tr\/wp-content\/uploads\/2022\/03\/27.png\" class=\"wpex-align-middle\" alt=\"\" loading=\"lazy\" decoding=\"async\" srcset=\"https:\/\/arostriko.com.tr\/wp-content\/uploads\/2022\/03\/27.png 1920w, https:\/\/arostriko.com.tr\/wp-content\/uploads\/2022\/03\/27-300x169.png 300w, https:\/\/arostriko.com.tr\/wp-content\/uploads\/2022\/03\/27-1024x576.png 1024w, https:\/\/arostriko.com.tr\/wp-content\/uploads\/2022\/03\/27-768x432.png 768w, https:\/\/arostriko.com.tr\/wp-content\/uploads\/2022\/03\/27-1536x864.png 1536w\" sizes=\"auto, (max-width: 1920px) 100vw, 1920px\" \/><\/a><\/div><\/figure><\/div><\/div><\/div>[\/vc_column][\/vc_row][vc_row][vc_column]<div class=\"templatera_shortcode\"><style type=\"text\/css\" data-type=\"vc_shortcodes-custom-css\">.vc_custom_1650495476877{background-color: #f2f2f2 !important;}.vc_custom_1650490919434{border-bottom-width: 1px !important;padding-top: 10px !important;background-color: #f2f2f2 !important;border-bottom-color: #ec2627 !important;border-bottom-style: solid !important;}.vc_custom_1650495581041{background-color: #f2f2f2 !important;}.vc_custom_1650495573360{border-bottom-width: 1px !important;padding-top: 10px !important;background-color: #f2f2f2 !important;border-bottom-color: #ec2627 !important;border-bottom-style: solid !important;}<\/style><div class=\"vc_row wpb_row vc_row-fluid vc_custom_1650495476877 wpex-relative wpex-vc_row-has-fill hidden-phone wpex-vc-row-boxed-layout-stretched vc_row-no-padding wpex-vc-reset-negative-margin wpex-has-shape-divider-top\" style=\"min-height:100px;\"><div class=\"wpex-shape-divider wpex-shape-divider-triangle_asymmetrical wpex-shape-divider-top wpex-absolute wpex-overflow-hidden wpex-top-0 wpex-left-0 wpex-w-100 wpex-leading-none wpex-ltr\"><svg class=\"wpex-shape-divider-svg\" style=\"height:126px;width:calc(150% + 1.3px);\" xmlns=\"http:\/\/www.w3.org\/2000\/svg\" viewBox=\"0 0 1000 100\" preserveAspectRatio=\"none\"><path class=\"wpex-shape-divider-path\" fill=\"#fff\" d=\"M738,99l262-93V0H0v5.6L738,99z\"\/><\/svg><\/div><div class=\"wpb_column vc_column_container vc_col-sm-12\"><div class=\"vc_column-inner\"><div class=\"wpb_wrapper\"><div class=\"vc_empty_space\"   style=\"height: 120px\"><span class=\"vc_empty_space_inner\"><\/span><\/div><\/div><\/div><\/div><\/div><div class=\"vc_row wpb_row vc_row-fluid vc_custom_1650490919434 wpex-relative wpex-vc_row-has-fill hidden-phone wpex-vc-row-boxed-layout-stretched vc_row-no-padding no-bottom-margins wpex-vc-reset-negative-margin\"><div class=\"wpb_column vc_column_container vc_col-sm-12\"><div class=\"vc_column-inner\"><div class=\"wpb_wrapper\">\n\t<div  class=\"wpb_single_image wpb_content_element vc_align_ wpb_content_element\">\n\t\t\n\t\t<figure class=\"wpb_wrapper vc_figure\">\n\t\t\t<div class=\"vc_single_image-wrapper   vc_box_border_grey\"><img width=\"1066\" height=\"100\" src=\"https:\/\/arostriko.com.tr\/wp-content\/uploads\/2022\/04\/logolar-1.png\" class=\"vc_single_image-img attachment-full\" alt=\"\" title=\"logolar\" srcset=\"https:\/\/arostriko.com.tr\/wp-content\/uploads\/2022\/04\/logolar-1.png 1066w, https:\/\/arostriko.com.tr\/wp-content\/uploads\/2022\/04\/logolar-1-300x28.png 300w, https:\/\/arostriko.com.tr\/wp-content\/uploads\/2022\/04\/logolar-1-1024x96.png 1024w, https:\/\/arostriko.com.tr\/wp-content\/uploads\/2022\/04\/logolar-1-768x72.png 768w\" sizes=\"(max-width: 1066px) 100vw, 1066px\" \/><\/div>\n\t\t<\/figure>\n\t<\/div>\n<\/div><\/div><\/div><\/div><div class=\"vc_row wpb_row vc_row-fluid vc_custom_1650495581041 wpex-relative wpex-vc_row-has-fill visible-phone wpex-vc-row-boxed-layout-stretched vc_row-no-padding wpex-vc-reset-negative-margin wpex-has-shape-divider-top\" style=\"min-height:20px;\"><div class=\"wpex-shape-divider wpex-shape-divider-triangle_asymmetrical wpex-shape-divider-top wpex-absolute wpex-overflow-hidden wpex-top-0 wpex-left-0 wpex-w-100 wpex-leading-none wpex-ltr\"><svg class=\"wpex-shape-divider-svg\" style=\"height:46px;width:calc(150% + 1.3px);\" xmlns=\"http:\/\/www.w3.org\/2000\/svg\" viewBox=\"0 0 1000 100\" preserveAspectRatio=\"none\"><path class=\"wpex-shape-divider-path\" fill=\"#fff\" d=\"M738,99l262-93V0H0v5.6L738,99z\"\/><\/svg><\/div><div class=\"wpb_column vc_column_container vc_col-sm-12\"><div class=\"vc_column-inner\"><div class=\"wpb_wrapper\"><div class=\"vc_empty_space\"   style=\"height: 40px\"><span class=\"vc_empty_space_inner\"><\/span><\/div><\/div><\/div><\/div><\/div><div class=\"vc_row wpb_row vc_row-fluid vc_custom_1650495573360 wpex-relative wpex-vc_row-has-fill visible-phone wpex-vc-row-boxed-layout-stretched vc_row-no-padding no-bottom-margins wpex-vc-reset-negative-margin\"><div class=\"wpb_column vc_column_container vc_col-sm-12\"><div class=\"vc_column-inner\"><div class=\"wpb_wrapper\">\n\t<div  class=\"wpb_single_image wpb_content_element vc_align_ wpb_content_element\">\n\t\t\n\t\t<figure class=\"wpb_wrapper vc_figure\">\n\t\t\t<div class=\"vc_single_image-wrapper   vc_box_border_grey\"><img width=\"1066\" height=\"100\" src=\"https:\/\/arostriko.com.tr\/wp-content\/uploads\/2022\/04\/logolar-1.png\" class=\"vc_single_image-img attachment-full\" alt=\"\" title=\"logolar\" srcset=\"https:\/\/arostriko.com.tr\/wp-content\/uploads\/2022\/04\/logolar-1.png 1066w, https:\/\/arostriko.com.tr\/wp-content\/uploads\/2022\/04\/logolar-1-300x28.png 300w, https:\/\/arostriko.com.tr\/wp-content\/uploads\/2022\/04\/logolar-1-1024x96.png 1024w, https:\/\/arostriko.com.tr\/wp-content\/uploads\/2022\/04\/logolar-1-768x72.png 768w\" sizes=\"(max-width: 1066px) 100vw, 1066px\" \/><\/div>\n\t\t<\/figure>\n\t<\/div>\n<\/div><\/div><\/div><\/div>\n<\/div>[\/vc_column][\/vc_row]\n<\/div>","protected":false},"excerpt":{"rendered":"","protected":false},"author":1,"featured_media":0,"parent":0,"menu_order":0,"comment_status":"closed","ping_status":"closed","template":"","meta":{"footnotes":""},"class_list":["post-1811","page","type-page","status-publish","hentry","entry","no-media"],"_links":{"self":[{"href":"https:\/\/arostriko.com.tr\/tr\/wp-json\/wp\/v2\/pages\/1811","targetHints":{"allow":["GET"]}}],"collection":[{"href":"https:\/\/arostriko.com.tr\/tr\/wp-json\/wp\/v2\/pages"}],"about":[{"href":"https:\/\/arostriko.com.tr\/tr\/wp-json\/wp\/v2\/types\/page"}],"author":[{"embeddable":true,"href":"https:\/\/arostriko.com.tr\/tr\/wp-json\/wp\/v2\/users\/1"}],"replies":[{"embeddable":true,"href":"https:\/\/arostriko.com.tr\/tr\/wp-json\/wp\/v2\/comments?post=1811"}],"version-history":[{"count":7,"href":"https:\/\/arostriko.com.tr\/tr\/wp-json\/wp\/v2\/pages\/1811\/revisions"}],"predecessor-version":[{"id":1914,"href":"https:\/\/arostriko.com.tr\/tr\/wp-json\/wp\/v2\/pages\/1811\/revisions\/1914"}],"wp:attachment":[{"href":"https:\/\/arostriko.com.tr\/tr\/wp-json\/wp\/v2\/media?parent=1811"}],"curies":[{"name":"wp","href":"https:\/\/api.w.org\/{rel}","templated":true}]}}