{"id":1823,"date":"2022-03-28T11:01:03","date_gmt":"2022-03-28T11:01:03","guid":{"rendered":"https:\/\/arostriko.com.tr\/yenilik-ve-tasarim\/"},"modified":"2022-05-23T21:06:14","modified_gmt":"2022-05-23T21:06:14","slug":"yenilik-ve-tasarim","status":"publish","type":"page","link":"https:\/\/arostriko.com.tr\/tr\/yenilik-ve-tasarim\/","title":{"rendered":"YEN\u0130L\u0130K VE TASARIM"},"content":{"rendered":"<div class=\"wpb-content-wrapper\">[vc_row css=&#8221;.vc_custom_1650488349966{margin-top: 0px !important;margin-bottom: 0px !important;padding-top: 0px !important;padding-bottom: 0px !important;}&#8221;][vc_column]<div class=\"templatera_shortcode\"><style type=\"text\/css\" data-type=\"vc_shortcodes-custom-css\">.vc_custom_1650495828208{margin-top: 0px !important;margin-bottom: 0px !important;padding-top: 0px !important;padding-bottom: 0px !important;background-color: #f2f2f2 !important;}.vc_custom_1653420904815{border-top-width: 1px !important;background-color: #f2f2f2 !important;border-top-color: #ec2627 !important;border-top-style: solid !important;}.vc_custom_1650495901994{border-top-width: 1px !important;background-color: #f2f2f2 !important;border-top-color: #ec2627 !important;border-top-style: solid !important;}.vc_custom_1649252308338{margin-top: 0px !important;margin-right: 0px !important;margin-bottom: 0px !important;margin-left: 0px !important;padding-top: 0px !important;padding-right: 0px !important;padding-bottom: 0px !important;padding-left: 0px !important;}.vc_custom_1650490386655{padding-top: 2% !important;padding-right: 8% !important;}<\/style><div class=\"vc_row wpb_row vc_row-fluid vc_custom_1650495828208 wpex-relative wpex-vc_row-has-fill visible-desktop wpex-vc-row-boxed-layout-stretched vc_row-no-padding no-bottom-margins wpex-vc-reset-negative-margin\" style=\"min-height:99px;\"><div class=\"wpb_column vc_column_container vc_col-sm-12\"><div class=\"vc_column-inner vc_custom_1649252308338\"><div class=\"wpb_wrapper\"><\/div><\/div><\/div><\/div><div class=\"vc_row wpb_row vc_row-fluid vc_custom_1653420904815 vc_row-o-content-top vc_row-flex wpex-relative wpex-vc-has-custom-column-spacing wpex-vc-column-spacing-0px wpex-vc_row-has-fill hidden-phone wpex-vc-row-boxed-layout-stretched vc_row-no-padding no-bottom-margins wpex-vc-reset-negative-margin typography-black wpex-has-shape-divider-bottom\" style=\"min-height:101px;\"><div class=\"wpex-shape-divider wpex-shape-divider-triangle_asymmetrical wpex-shape-divider-bottom wpex-absolute wpex-overflow-hidden wpex-bottom-0 wpex-left-0 wpex-w-100 wpex-leading-none wpex-ltr\"><svg class=\"wpex-shape-divider-svg\" style=\"height:126px;width:calc(150% + 1.3px);\" xmlns=\"http:\/\/www.w3.org\/2000\/svg\" viewBox=\"0 0 1000 100\" preserveAspectRatio=\"none\"><path class=\"wpex-shape-divider-path\" fill=\"#ffffff\" d=\"M737.9,94.7L0,0v100h1000V0L737.9,94.7z\"\/><\/svg><\/div><div class=\"wpb_column vc_column_container vc_col-sm-12\"><div class=\"vc_column-inner\"><div class=\"wpb_wrapper\"><style>.vcex-page-title.vcex_69e887ae36b72 .vcex-page-title__heading{font-size:2.2rem;font-family:Questrial;font-weight:400;}<\/style><div class=\"vcex-page-title vcex-module wpex-text-right wpex-mb-0 vc_custom_1650490386655 vcex_69e887ae36b72\"><h2 class=\"vcex-page-title__heading wpex-heading wpex-text-3xl\"><span class=\"vcex-page-title__text\">YEN\u0130L\u0130K VE TASARIM<\/span><\/h2><\/div><\/div><\/div><\/div><\/div><div class=\"vc_row wpb_row vc_row-fluid vc_custom_1650495901994 vc_row-o-content-top vc_row-flex wpex-relative wpex-vc-has-custom-column-spacing wpex-vc-column-spacing-0px wpex-vc_row-has-fill visible-phone wpex-vc-row-boxed-layout-stretched vc_row-no-padding no-bottom-margins wpex-vc-reset-negative-margin typography-black wpex-has-shape-divider-bottom\" style=\"min-height:60px;\"><div class=\"wpex-shape-divider wpex-shape-divider-triangle_asymmetrical wpex-shape-divider-bottom wpex-absolute wpex-overflow-hidden wpex-bottom-0 wpex-left-0 wpex-w-100 wpex-leading-none wpex-ltr\"><svg class=\"wpex-shape-divider-svg\" style=\"height:66px;width:calc(150% + 1.3px);\" xmlns=\"http:\/\/www.w3.org\/2000\/svg\" viewBox=\"0 0 1000 100\" preserveAspectRatio=\"none\"><path class=\"wpex-shape-divider-path\" fill=\"#ffffff\" d=\"M737.9,94.7L0,0v100h1000V0L737.9,94.7z\"\/><\/svg><\/div><div class=\"wpb_column vc_column_container vc_col-sm-12\"><div class=\"vc_column-inner\"><div class=\"wpb_wrapper\"><style>.vcex-page-title.vcex_69e887ae38632 .vcex-page-title__heading{font-size:2.2rem;font-family:Questrial;font-weight:400;}<\/style><div class=\"vcex-page-title vcex-module wpex-text-right wpex-mb-0 vc_custom_1650490386655 vcex_69e887ae38632\"><h2 class=\"vcex-page-title__heading wpex-heading wpex-text-3xl\"><span class=\"vcex-page-title__text\">YEN\u0130L\u0130K VE TASARIM<\/span><\/h2><\/div><\/div><\/div><\/div><\/div><\/div>[\/vc_column][\/vc_row][vc_row full_width=&#8221;stretch_row_content_no_spaces&#8221; remove_bottom_col_margin=&#8221;true&#8221; css=&#8221;.vc_custom_1650482172060{padding-top: 10% !important;padding-right: 10% !important;padding-left: 10% !important;}&#8221;][vc_column][vc_column_text responsive_text=&#8221;true&#8221; css=&#8221;.vc_custom_1649552457595{margin-bottom: 32px !important;}&#8221;]Aros tasar\u0131m ekibi, g\u00fcn\u00fcm\u00fcz\u00fcn ve yar\u0131n\u0131n \u00f6rg\u00fc tekniklerini, m\u00fc\u015fteri beklentileri ve g\u00fcncel moda trendleri ile birle\u015ftirerek yenilik\u00e7i \u00fcr\u00fcnler ve \u00fcretim modelleri geli\u015ftirmeyi hedeflemektedir.<br \/>\nAr-Ge ekibimiz triko d\u00fcnyas\u0131ndaki iplik yeniliklerini yak\u0131ndan takip ederek m\u00fc\u015fterilerimize yenilik\u00e7i, s\u00fcrd\u00fcr\u00fclebilir projeler sunmaktad\u0131r.[\/vc_column_text][\/vc_column][\/vc_row][vc_row full_width=&#8221;stretch_row_content_no_spaces&#8221; css=&#8221;.vc_custom_1650488580459{padding-right: 10% !important;padding-left: 10% !important;}&#8221;][vc_column][vc_single_image image=&#8221;463&#8243;][\/vc_column][\/vc_row][vc_row][vc_column]<div class=\"templatera_shortcode\"><style type=\"text\/css\" data-type=\"vc_shortcodes-custom-css\">.vc_custom_1650495476877{background-color: #f2f2f2 !important;}.vc_custom_1650490919434{border-bottom-width: 1px !important;padding-top: 10px !important;background-color: #f2f2f2 !important;border-bottom-color: #ec2627 !important;border-bottom-style: solid !important;}.vc_custom_1650495581041{background-color: #f2f2f2 !important;}.vc_custom_1650495573360{border-bottom-width: 1px !important;padding-top: 10px !important;background-color: #f2f2f2 !important;border-bottom-color: #ec2627 !important;border-bottom-style: solid !important;}<\/style><div class=\"vc_row wpb_row vc_row-fluid vc_custom_1650495476877 wpex-relative wpex-vc_row-has-fill hidden-phone wpex-vc-row-boxed-layout-stretched vc_row-no-padding wpex-vc-reset-negative-margin wpex-has-shape-divider-top\" style=\"min-height:100px;\"><div class=\"wpex-shape-divider wpex-shape-divider-triangle_asymmetrical wpex-shape-divider-top wpex-absolute wpex-overflow-hidden wpex-top-0 wpex-left-0 wpex-w-100 wpex-leading-none wpex-ltr\"><svg class=\"wpex-shape-divider-svg\" style=\"height:126px;width:calc(150% + 1.3px);\" xmlns=\"http:\/\/www.w3.org\/2000\/svg\" viewBox=\"0 0 1000 100\" preserveAspectRatio=\"none\"><path class=\"wpex-shape-divider-path\" fill=\"#fff\" d=\"M738,99l262-93V0H0v5.6L738,99z\"\/><\/svg><\/div><div class=\"wpb_column vc_column_container vc_col-sm-12\"><div class=\"vc_column-inner\"><div class=\"wpb_wrapper\"><div class=\"vc_empty_space\"   style=\"height: 120px\"><span class=\"vc_empty_space_inner\"><\/span><\/div><\/div><\/div><\/div><\/div><div class=\"vc_row wpb_row vc_row-fluid vc_custom_1650490919434 wpex-relative wpex-vc_row-has-fill hidden-phone wpex-vc-row-boxed-layout-stretched vc_row-no-padding no-bottom-margins wpex-vc-reset-negative-margin\"><div class=\"wpb_column vc_column_container vc_col-sm-12\"><div class=\"vc_column-inner\"><div class=\"wpb_wrapper\">\n\t<div  class=\"wpb_single_image wpb_content_element vc_align_ wpb_content_element\">\n\t\t\n\t\t<figure class=\"wpb_wrapper vc_figure\">\n\t\t\t<div class=\"vc_single_image-wrapper   vc_box_border_grey\"><img width=\"1066\" height=\"100\" src=\"https:\/\/arostriko.com.tr\/wp-content\/uploads\/2022\/04\/logolar-1.png\" class=\"vc_single_image-img attachment-full\" alt=\"\" title=\"logolar\" srcset=\"https:\/\/arostriko.com.tr\/wp-content\/uploads\/2022\/04\/logolar-1.png 1066w, https:\/\/arostriko.com.tr\/wp-content\/uploads\/2022\/04\/logolar-1-300x28.png 300w, https:\/\/arostriko.com.tr\/wp-content\/uploads\/2022\/04\/logolar-1-1024x96.png 1024w, https:\/\/arostriko.com.tr\/wp-content\/uploads\/2022\/04\/logolar-1-768x72.png 768w\" sizes=\"(max-width: 1066px) 100vw, 1066px\" \/><\/div>\n\t\t<\/figure>\n\t<\/div>\n<\/div><\/div><\/div><\/div><div class=\"vc_row wpb_row vc_row-fluid vc_custom_1650495581041 wpex-relative wpex-vc_row-has-fill visible-phone wpex-vc-row-boxed-layout-stretched vc_row-no-padding wpex-vc-reset-negative-margin wpex-has-shape-divider-top\" style=\"min-height:20px;\"><div class=\"wpex-shape-divider wpex-shape-divider-triangle_asymmetrical wpex-shape-divider-top wpex-absolute wpex-overflow-hidden wpex-top-0 wpex-left-0 wpex-w-100 wpex-leading-none wpex-ltr\"><svg class=\"wpex-shape-divider-svg\" style=\"height:46px;width:calc(150% + 1.3px);\" xmlns=\"http:\/\/www.w3.org\/2000\/svg\" viewBox=\"0 0 1000 100\" preserveAspectRatio=\"none\"><path class=\"wpex-shape-divider-path\" fill=\"#fff\" d=\"M738,99l262-93V0H0v5.6L738,99z\"\/><\/svg><\/div><div class=\"wpb_column vc_column_container vc_col-sm-12\"><div class=\"vc_column-inner\"><div class=\"wpb_wrapper\"><div class=\"vc_empty_space\"   style=\"height: 40px\"><span class=\"vc_empty_space_inner\"><\/span><\/div><\/div><\/div><\/div><\/div><div class=\"vc_row wpb_row vc_row-fluid vc_custom_1650495573360 wpex-relative wpex-vc_row-has-fill visible-phone wpex-vc-row-boxed-layout-stretched vc_row-no-padding no-bottom-margins wpex-vc-reset-negative-margin\"><div class=\"wpb_column vc_column_container vc_col-sm-12\"><div class=\"vc_column-inner\"><div class=\"wpb_wrapper\">\n\t<div  class=\"wpb_single_image wpb_content_element vc_align_ wpb_content_element\">\n\t\t\n\t\t<figure class=\"wpb_wrapper vc_figure\">\n\t\t\t<div class=\"vc_single_image-wrapper   vc_box_border_grey\"><img width=\"1066\" height=\"100\" src=\"https:\/\/arostriko.com.tr\/wp-content\/uploads\/2022\/04\/logolar-1.png\" class=\"vc_single_image-img attachment-full\" alt=\"\" title=\"logolar\" srcset=\"https:\/\/arostriko.com.tr\/wp-content\/uploads\/2022\/04\/logolar-1.png 1066w, https:\/\/arostriko.com.tr\/wp-content\/uploads\/2022\/04\/logolar-1-300x28.png 300w, https:\/\/arostriko.com.tr\/wp-content\/uploads\/2022\/04\/logolar-1-1024x96.png 1024w, https:\/\/arostriko.com.tr\/wp-content\/uploads\/2022\/04\/logolar-1-768x72.png 768w\" sizes=\"(max-width: 1066px) 100vw, 1066px\" \/><\/div>\n\t\t<\/figure>\n\t<\/div>\n<\/div><\/div><\/div><\/div>\n<\/div>[\/vc_column][\/vc_row]\n<\/div>","protected":false},"excerpt":{"rendered":"YEN\u0130L\u0130K VE TASARIMYEN\u0130L\u0130K VE TASARIM Aros tasar\u0131m ekibi, g\u00fcn\u00fcm\u00fcz\u00fcn ve yar\u0131n\u0131n \u00f6rg\u00fc tekniklerini, m\u00fc\u015fteri beklentileri ve g\u00fcncel moda trendleri ile birle\u015ftirerek yenilik\u00e7i \u00fcr\u00fcnler ve \u00fcretim modelleri geli\u015ftirmeyi hedeflemektedir. Ar-Ge ekibimiz triko d\u00fcnyas\u0131ndaki iplik yeniliklerini yak\u0131ndan takip ederek m\u00fc\u015fterilerimize yenilik\u00e7i, s\u00fcrd\u00fcr\u00fclebilir projeler sunmaktad\u0131r.","protected":false},"author":1,"featured_media":0,"parent":0,"menu_order":0,"comment_status":"closed","ping_status":"closed","template":"","meta":{"footnotes":""},"class_list":["post-1823","page","type-page","status-publish","hentry","entry","no-media"],"_links":{"self":[{"href":"https:\/\/arostriko.com.tr\/tr\/wp-json\/wp\/v2\/pages\/1823","targetHints":{"allow":["GET"]}}],"collection":[{"href":"https:\/\/arostriko.com.tr\/tr\/wp-json\/wp\/v2\/pages"}],"about":[{"href":"https:\/\/arostriko.com.tr\/tr\/wp-json\/wp\/v2\/types\/page"}],"author":[{"embeddable":true,"href":"https:\/\/arostriko.com.tr\/tr\/wp-json\/wp\/v2\/users\/1"}],"replies":[{"embeddable":true,"href":"https:\/\/arostriko.com.tr\/tr\/wp-json\/wp\/v2\/comments?post=1823"}],"version-history":[{"count":0,"href":"https:\/\/arostriko.com.tr\/tr\/wp-json\/wp\/v2\/pages\/1823\/revisions"}],"wp:attachment":[{"href":"https:\/\/arostriko.com.tr\/tr\/wp-json\/wp\/v2\/media?parent=1823"}],"curies":[{"name":"wp","href":"https:\/\/api.w.org\/{rel}","templated":true}]}}