{"id":1831,"date":"2022-03-28T11:03:38","date_gmt":"2022-03-28T11:03:38","guid":{"rendered":"https:\/\/arostriko.com.tr\/surdurulebilirlik\/"},"modified":"2022-05-23T21:02:59","modified_gmt":"2022-05-23T21:02:59","slug":"surdurulebilirlik","status":"publish","type":"page","link":"https:\/\/arostriko.com.tr\/tr\/surdurulebilirlik\/","title":{"rendered":"S\u00dcRD\u00dcR\u00dcLEB\u0130L\u0130RL\u0130K"},"content":{"rendered":"<div class=\"wpb-content-wrapper\">[vc_row][vc_column]<div class=\"templatera_shortcode\"><style type=\"text\/css\" data-type=\"vc_shortcodes-custom-css\">.vc_custom_1650495828208{margin-top: 0px !important;margin-bottom: 0px !important;padding-top: 0px !important;padding-bottom: 0px !important;background-color: #f2f2f2 !important;}.vc_custom_1653420904815{border-top-width: 1px !important;background-color: #f2f2f2 !important;border-top-color: #ec2627 !important;border-top-style: solid !important;}.vc_custom_1650495901994{border-top-width: 1px !important;background-color: #f2f2f2 !important;border-top-color: #ec2627 !important;border-top-style: solid !important;}.vc_custom_1649252308338{margin-top: 0px !important;margin-right: 0px !important;margin-bottom: 0px !important;margin-left: 0px !important;padding-top: 0px !important;padding-right: 0px !important;padding-bottom: 0px !important;padding-left: 0px !important;}.vc_custom_1650490386655{padding-top: 2% !important;padding-right: 8% !important;}<\/style><div class=\"vc_row wpb_row vc_row-fluid vc_custom_1650495828208 wpex-relative wpex-vc_row-has-fill visible-desktop wpex-vc-row-boxed-layout-stretched vc_row-no-padding no-bottom-margins wpex-vc-reset-negative-margin\" style=\"min-height:99px;\"><div class=\"wpb_column vc_column_container vc_col-sm-12\"><div class=\"vc_column-inner vc_custom_1649252308338\"><div class=\"wpb_wrapper\"><\/div><\/div><\/div><\/div><div class=\"vc_row wpb_row vc_row-fluid vc_custom_1653420904815 vc_row-o-content-top vc_row-flex wpex-relative wpex-vc-has-custom-column-spacing wpex-vc-column-spacing-0px wpex-vc_row-has-fill hidden-phone wpex-vc-row-boxed-layout-stretched vc_row-no-padding no-bottom-margins wpex-vc-reset-negative-margin typography-black wpex-has-shape-divider-bottom\" style=\"min-height:101px;\"><div class=\"wpex-shape-divider wpex-shape-divider-triangle_asymmetrical wpex-shape-divider-bottom wpex-absolute wpex-overflow-hidden wpex-bottom-0 wpex-left-0 wpex-w-100 wpex-leading-none wpex-ltr\"><svg class=\"wpex-shape-divider-svg\" style=\"height:126px;width:calc(150% + 1.3px);\" xmlns=\"http:\/\/www.w3.org\/2000\/svg\" viewBox=\"0 0 1000 100\" preserveAspectRatio=\"none\"><path class=\"wpex-shape-divider-path\" fill=\"#ffffff\" d=\"M737.9,94.7L0,0v100h1000V0L737.9,94.7z\"\/><\/svg><\/div><div class=\"wpb_column vc_column_container vc_col-sm-12\"><div class=\"vc_column-inner\"><div class=\"wpb_wrapper\"><style>.vcex-page-title.vcex_69e2367343fd6 .vcex-page-title__heading{font-size:2.2rem;font-family:Questrial;font-weight:400;}<\/style><div class=\"vcex-page-title vcex-module wpex-text-right wpex-mb-0 vc_custom_1650490386655 vcex_69e2367343fd6\"><h2 class=\"vcex-page-title__heading wpex-heading wpex-text-3xl\"><span class=\"vcex-page-title__text\">S\u00dcRD\u00dcR\u00dcLEB\u0130L\u0130RL\u0130K<\/span><\/h2><\/div><\/div><\/div><\/div><\/div><div class=\"vc_row wpb_row vc_row-fluid vc_custom_1650495901994 vc_row-o-content-top vc_row-flex wpex-relative wpex-vc-has-custom-column-spacing wpex-vc-column-spacing-0px wpex-vc_row-has-fill visible-phone wpex-vc-row-boxed-layout-stretched vc_row-no-padding no-bottom-margins wpex-vc-reset-negative-margin typography-black wpex-has-shape-divider-bottom\" style=\"min-height:60px;\"><div class=\"wpex-shape-divider wpex-shape-divider-triangle_asymmetrical wpex-shape-divider-bottom wpex-absolute wpex-overflow-hidden wpex-bottom-0 wpex-left-0 wpex-w-100 wpex-leading-none wpex-ltr\"><svg class=\"wpex-shape-divider-svg\" style=\"height:66px;width:calc(150% + 1.3px);\" xmlns=\"http:\/\/www.w3.org\/2000\/svg\" viewBox=\"0 0 1000 100\" preserveAspectRatio=\"none\"><path class=\"wpex-shape-divider-path\" fill=\"#ffffff\" d=\"M737.9,94.7L0,0v100h1000V0L737.9,94.7z\"\/><\/svg><\/div><div class=\"wpb_column vc_column_container vc_col-sm-12\"><div class=\"vc_column-inner\"><div class=\"wpb_wrapper\"><style>.vcex-page-title.vcex_69e23673512a9 .vcex-page-title__heading{font-size:2.2rem;font-family:Questrial;font-weight:400;}<\/style><div class=\"vcex-page-title vcex-module wpex-text-right wpex-mb-0 vc_custom_1650490386655 vcex_69e23673512a9\"><h2 class=\"vcex-page-title__heading wpex-heading wpex-text-3xl\"><span class=\"vcex-page-title__text\">S\u00dcRD\u00dcR\u00dcLEB\u0130L\u0130RL\u0130K<\/span><\/h2><\/div><\/div><\/div><\/div><\/div><\/div>[\/vc_column][\/vc_row][vc_row full_width=&#8221;stretch_row_content_no_spaces&#8221; css=&#8221;.vc_custom_1649625058126{padding-top: 10% !important;padding-right: 10% !important;padding-left: 10% !important;}&#8221;][vc_column][vc_column_text responsive_text=&#8221;true&#8221; css=&#8221;.vc_custom_1649548554070{margin-bottom: 4% !important;}&#8221;]Tekstil sekt\u00f6r\u00fcndeki \u00e7evresel g\u00fcncellemeleri takiben tercih etti\u011fimiz elyaf ve malzemeler, s\u00fcrekli iyile\u015ftirme ilkelerine dayal\u0131d\u0131r. Bu yakla\u015f\u0131m\u0131m\u0131z zaman i\u00e7erisinde insanlar ve gezegen i\u00e7in olumlu bir etki ile sonu\u00e7lanacakt\u0131r.<\/p>\n<p>Tekstil end\u00fcstrisinin b\u00fcy\u00fck bir sosyo-ekonomik ve \u00e7evresel etkisi bulunmaktad\u0131r. D\u00fcnyan\u0131n en b\u00fcy\u00fck sorunlar\u0131ndan biri \u00e7evre ve korunmas\u0131d\u0131r.<\/p>\n<p>\u00dcretimlerimizde geri d\u00f6n\u00fc\u015ft\u00fcr\u00fclm\u00fc\u015f ve organik iplikler tedarik ederek s\u00fcrd\u00fcrebilirli\u011fin korunmas\u0131n\u0131 destekliyoruz.<br \/>\nKullanl\u0131lan hammaddelerin \u00e7evre dostu teknikler ile \u00fcretiyoruz. G\u00fcncelledi\u011fimiz at\u0131k y\u00f6netimi sistemleriyle \u00fcretimimizin \u00e7evreye etkisini minimum seviyede tutuyoruz.<\/p>\n<p>T\u00fcm M\u00fc\u015fterilerimiz ile Geri d\u00f6n\u00fc\u015f\u00fcm ve \u00c7evresel hedefleri konusunda i\u015f birli\u011fi i\u00e7erisinde \u00e7al\u0131\u015f\u0131yor ve \u00fcretim s\u00fcre\u00e7lerini bu do\u011frultuda ger\u00e7ekle\u015ftiriyoruz.[\/vc_column_text][vc_single_image image=&#8221;786&#8243;][\/vc_column][\/vc_row][vc_row][vc_column]<div class=\"templatera_shortcode\"><style type=\"text\/css\" data-type=\"vc_shortcodes-custom-css\">.vc_custom_1650495476877{background-color: #f2f2f2 !important;}.vc_custom_1650490919434{border-bottom-width: 1px !important;padding-top: 10px !important;background-color: #f2f2f2 !important;border-bottom-color: #ec2627 !important;border-bottom-style: solid !important;}.vc_custom_1650495581041{background-color: #f2f2f2 !important;}.vc_custom_1650495573360{border-bottom-width: 1px !important;padding-top: 10px !important;background-color: #f2f2f2 !important;border-bottom-color: #ec2627 !important;border-bottom-style: solid !important;}<\/style><div class=\"vc_row wpb_row vc_row-fluid vc_custom_1650495476877 wpex-relative wpex-vc_row-has-fill hidden-phone wpex-vc-row-boxed-layout-stretched vc_row-no-padding wpex-vc-reset-negative-margin wpex-has-shape-divider-top\" style=\"min-height:100px;\"><div class=\"wpex-shape-divider wpex-shape-divider-triangle_asymmetrical wpex-shape-divider-top wpex-absolute wpex-overflow-hidden wpex-top-0 wpex-left-0 wpex-w-100 wpex-leading-none wpex-ltr\"><svg class=\"wpex-shape-divider-svg\" style=\"height:126px;width:calc(150% + 1.3px);\" xmlns=\"http:\/\/www.w3.org\/2000\/svg\" viewBox=\"0 0 1000 100\" preserveAspectRatio=\"none\"><path class=\"wpex-shape-divider-path\" fill=\"#fff\" d=\"M738,99l262-93V0H0v5.6L738,99z\"\/><\/svg><\/div><div class=\"wpb_column vc_column_container vc_col-sm-12\"><div class=\"vc_column-inner\"><div class=\"wpb_wrapper\"><div class=\"vc_empty_space\"   style=\"height: 120px\"><span class=\"vc_empty_space_inner\"><\/span><\/div><\/div><\/div><\/div><\/div><div class=\"vc_row wpb_row vc_row-fluid vc_custom_1650490919434 wpex-relative wpex-vc_row-has-fill hidden-phone wpex-vc-row-boxed-layout-stretched vc_row-no-padding no-bottom-margins wpex-vc-reset-negative-margin\"><div class=\"wpb_column vc_column_container vc_col-sm-12\"><div class=\"vc_column-inner\"><div class=\"wpb_wrapper\">\n\t<div  class=\"wpb_single_image wpb_content_element vc_align_ wpb_content_element\">\n\t\t\n\t\t<figure class=\"wpb_wrapper vc_figure\">\n\t\t\t<div class=\"vc_single_image-wrapper   vc_box_border_grey\"><img width=\"1066\" height=\"100\" src=\"https:\/\/arostriko.com.tr\/wp-content\/uploads\/2022\/04\/logolar-1.png\" class=\"vc_single_image-img attachment-full\" alt=\"\" title=\"logolar\" srcset=\"https:\/\/arostriko.com.tr\/wp-content\/uploads\/2022\/04\/logolar-1.png 1066w, https:\/\/arostriko.com.tr\/wp-content\/uploads\/2022\/04\/logolar-1-300x28.png 300w, https:\/\/arostriko.com.tr\/wp-content\/uploads\/2022\/04\/logolar-1-1024x96.png 1024w, https:\/\/arostriko.com.tr\/wp-content\/uploads\/2022\/04\/logolar-1-768x72.png 768w\" sizes=\"(max-width: 1066px) 100vw, 1066px\" \/><\/div>\n\t\t<\/figure>\n\t<\/div>\n<\/div><\/div><\/div><\/div><div class=\"vc_row wpb_row vc_row-fluid vc_custom_1650495581041 wpex-relative wpex-vc_row-has-fill visible-phone wpex-vc-row-boxed-layout-stretched vc_row-no-padding wpex-vc-reset-negative-margin wpex-has-shape-divider-top\" style=\"min-height:20px;\"><div class=\"wpex-shape-divider wpex-shape-divider-triangle_asymmetrical wpex-shape-divider-top wpex-absolute wpex-overflow-hidden wpex-top-0 wpex-left-0 wpex-w-100 wpex-leading-none wpex-ltr\"><svg class=\"wpex-shape-divider-svg\" style=\"height:46px;width:calc(150% + 1.3px);\" xmlns=\"http:\/\/www.w3.org\/2000\/svg\" viewBox=\"0 0 1000 100\" preserveAspectRatio=\"none\"><path class=\"wpex-shape-divider-path\" fill=\"#fff\" d=\"M738,99l262-93V0H0v5.6L738,99z\"\/><\/svg><\/div><div class=\"wpb_column vc_column_container vc_col-sm-12\"><div class=\"vc_column-inner\"><div class=\"wpb_wrapper\"><div class=\"vc_empty_space\"   style=\"height: 40px\"><span class=\"vc_empty_space_inner\"><\/span><\/div><\/div><\/div><\/div><\/div><div class=\"vc_row wpb_row vc_row-fluid vc_custom_1650495573360 wpex-relative wpex-vc_row-has-fill visible-phone wpex-vc-row-boxed-layout-stretched vc_row-no-padding no-bottom-margins wpex-vc-reset-negative-margin\"><div class=\"wpb_column vc_column_container vc_col-sm-12\"><div class=\"vc_column-inner\"><div class=\"wpb_wrapper\">\n\t<div  class=\"wpb_single_image wpb_content_element vc_align_ wpb_content_element\">\n\t\t\n\t\t<figure class=\"wpb_wrapper vc_figure\">\n\t\t\t<div class=\"vc_single_image-wrapper   vc_box_border_grey\"><img width=\"1066\" height=\"100\" src=\"https:\/\/arostriko.com.tr\/wp-content\/uploads\/2022\/04\/logolar-1.png\" class=\"vc_single_image-img attachment-full\" alt=\"\" title=\"logolar\" srcset=\"https:\/\/arostriko.com.tr\/wp-content\/uploads\/2022\/04\/logolar-1.png 1066w, https:\/\/arostriko.com.tr\/wp-content\/uploads\/2022\/04\/logolar-1-300x28.png 300w, https:\/\/arostriko.com.tr\/wp-content\/uploads\/2022\/04\/logolar-1-1024x96.png 1024w, https:\/\/arostriko.com.tr\/wp-content\/uploads\/2022\/04\/logolar-1-768x72.png 768w\" sizes=\"(max-width: 1066px) 100vw, 1066px\" \/><\/div>\n\t\t<\/figure>\n\t<\/div>\n<\/div><\/div><\/div><\/div>\n<\/div>[\/vc_column][\/vc_row]\n<\/div>","protected":false},"excerpt":{"rendered":"S\u00dcRD\u00dcR\u00dcLEB\u0130L\u0130RL\u0130KS\u00dcRD\u00dcR\u00dcLEB\u0130L\u0130RL\u0130K Tekstil sekt\u00f6r\u00fcndeki \u00e7evresel g\u00fcncellemeleri takiben tercih etti\u011fimiz elyaf ve malzemeler, s\u00fcrekli iyile\u015ftirme ilkelerine dayal\u0131d\u0131r. Bu yakla\u015f\u0131m\u0131m\u0131z zaman i\u00e7erisinde insanlar ve gezegen i\u00e7in olumlu bir etki ile sonu\u00e7lanacakt\u0131r. Tekstil end\u00fcstrisinin b\u00fcy\u00fck bir sosyo-ekonomik ve \u00e7evresel etkisi bulunmaktad\u0131r. D\u00fcnyan\u0131n en b\u00fcy\u00fck sorunlar\u0131ndan biri \u00e7evre ve korunmas\u0131d\u0131r. \u00dcretimlerimizde geri d\u00f6n\u00fc\u015ft\u00fcr\u00fclm\u00fc\u015f ve organik iplikler tedarik ederek s\u00fcrd\u00fcrebilirli\u011fin korunmas\u0131n\u0131&hellip;","protected":false},"author":1,"featured_media":0,"parent":0,"menu_order":0,"comment_status":"closed","ping_status":"closed","template":"","meta":{"footnotes":""},"class_list":["post-1831","page","type-page","status-publish","hentry","entry","no-media"],"_links":{"self":[{"href":"https:\/\/arostriko.com.tr\/tr\/wp-json\/wp\/v2\/pages\/1831","targetHints":{"allow":["GET"]}}],"collection":[{"href":"https:\/\/arostriko.com.tr\/tr\/wp-json\/wp\/v2\/pages"}],"about":[{"href":"https:\/\/arostriko.com.tr\/tr\/wp-json\/wp\/v2\/types\/page"}],"author":[{"embeddable":true,"href":"https:\/\/arostriko.com.tr\/tr\/wp-json\/wp\/v2\/users\/1"}],"replies":[{"embeddable":true,"href":"https:\/\/arostriko.com.tr\/tr\/wp-json\/wp\/v2\/comments?post=1831"}],"version-history":[{"count":0,"href":"https:\/\/arostriko.com.tr\/tr\/wp-json\/wp\/v2\/pages\/1831\/revisions"}],"wp:attachment":[{"href":"https:\/\/arostriko.com.tr\/tr\/wp-json\/wp\/v2\/media?parent=1831"}],"curies":[{"name":"wp","href":"https:\/\/api.w.org\/{rel}","templated":true}]}}