{"id":1844,"date":"2022-02-20T22:09:10","date_gmt":"2022-02-20T19:09:10","guid":{"rendered":"https:\/\/arostriko.com.tr\/bize-ulasin\/"},"modified":"2025-12-17T21:15:55","modified_gmt":"2025-12-17T18:15:55","slug":"bize-ulasin","status":"publish","type":"page","link":"https:\/\/arostriko.com.tr\/tr\/bize-ulasin\/","title":{"rendered":"B\u0130ZE ULA\u015eIN"},"content":{"rendered":"<div class=\"wpb-content-wrapper\">[vc_row][vc_column]<div class=\"templatera_shortcode\"><style type=\"text\/css\" data-type=\"vc_shortcodes-custom-css\">.vc_custom_1650495828208{margin-top: 0px !important;margin-bottom: 0px !important;padding-top: 0px !important;padding-bottom: 0px !important;background-color: #f2f2f2 !important;}.vc_custom_1653420904815{border-top-width: 1px !important;background-color: #f2f2f2 !important;border-top-color: #ec2627 !important;border-top-style: solid !important;}.vc_custom_1650495901994{border-top-width: 1px !important;background-color: #f2f2f2 !important;border-top-color: #ec2627 !important;border-top-style: solid !important;}.vc_custom_1649252308338{margin-top: 0px !important;margin-right: 0px !important;margin-bottom: 0px !important;margin-left: 0px !important;padding-top: 0px !important;padding-right: 0px !important;padding-bottom: 0px !important;padding-left: 0px !important;}.vc_custom_1650490386655{padding-top: 2% !important;padding-right: 8% !important;}<\/style><div class=\"vc_row wpb_row vc_row-fluid vc_custom_1650495828208 wpex-relative wpex-vc_row-has-fill visible-desktop wpex-vc-row-boxed-layout-stretched vc_row-no-padding no-bottom-margins wpex-vc-reset-negative-margin\" style=\"min-height:99px;\"><div class=\"wpb_column vc_column_container vc_col-sm-12\"><div class=\"vc_column-inner vc_custom_1649252308338\"><div class=\"wpb_wrapper\"><\/div><\/div><\/div><\/div><div class=\"vc_row wpb_row vc_row-fluid vc_custom_1653420904815 vc_row-o-content-top vc_row-flex wpex-relative wpex-vc-has-custom-column-spacing wpex-vc-column-spacing-0px wpex-vc_row-has-fill hidden-phone wpex-vc-row-boxed-layout-stretched vc_row-no-padding no-bottom-margins wpex-vc-reset-negative-margin typography-black wpex-has-shape-divider-bottom\" style=\"min-height:101px;\"><div class=\"wpex-shape-divider wpex-shape-divider-triangle_asymmetrical wpex-shape-divider-bottom wpex-absolute wpex-overflow-hidden wpex-bottom-0 wpex-left-0 wpex-w-100 wpex-leading-none wpex-ltr\"><svg class=\"wpex-shape-divider-svg\" style=\"height:126px;width:calc(150% + 1.3px);\" xmlns=\"http:\/\/www.w3.org\/2000\/svg\" viewBox=\"0 0 1000 100\" preserveAspectRatio=\"none\"><path class=\"wpex-shape-divider-path\" fill=\"#ffffff\" d=\"M737.9,94.7L0,0v100h1000V0L737.9,94.7z\"\/><\/svg><\/div><div class=\"wpb_column vc_column_container vc_col-sm-12\"><div class=\"vc_column-inner\"><div class=\"wpb_wrapper\"><style>.vcex-page-title.vcex_69e4b41c75ee5 .vcex-page-title__heading{font-size:2.2rem;font-family:Questrial;font-weight:400;}<\/style><div class=\"vcex-page-title vcex-module wpex-text-right wpex-mb-0 vc_custom_1650490386655 vcex_69e4b41c75ee5\"><h2 class=\"vcex-page-title__heading wpex-heading wpex-text-3xl\"><span class=\"vcex-page-title__text\">B\u0130ZE ULA\u015eIN<\/span><\/h2><\/div><\/div><\/div><\/div><\/div><div class=\"vc_row wpb_row vc_row-fluid vc_custom_1650495901994 vc_row-o-content-top vc_row-flex wpex-relative wpex-vc-has-custom-column-spacing wpex-vc-column-spacing-0px wpex-vc_row-has-fill visible-phone wpex-vc-row-boxed-layout-stretched vc_row-no-padding no-bottom-margins wpex-vc-reset-negative-margin typography-black wpex-has-shape-divider-bottom\" style=\"min-height:60px;\"><div class=\"wpex-shape-divider wpex-shape-divider-triangle_asymmetrical wpex-shape-divider-bottom wpex-absolute wpex-overflow-hidden wpex-bottom-0 wpex-left-0 wpex-w-100 wpex-leading-none wpex-ltr\"><svg class=\"wpex-shape-divider-svg\" style=\"height:66px;width:calc(150% + 1.3px);\" xmlns=\"http:\/\/www.w3.org\/2000\/svg\" viewBox=\"0 0 1000 100\" preserveAspectRatio=\"none\"><path class=\"wpex-shape-divider-path\" fill=\"#ffffff\" d=\"M737.9,94.7L0,0v100h1000V0L737.9,94.7z\"\/><\/svg><\/div><div class=\"wpb_column vc_column_container vc_col-sm-12\"><div class=\"vc_column-inner\"><div class=\"wpb_wrapper\"><style>.vcex-page-title.vcex_69e4b41c7853c .vcex-page-title__heading{font-size:2.2rem;font-family:Questrial;font-weight:400;}<\/style><div class=\"vcex-page-title vcex-module wpex-text-right wpex-mb-0 vc_custom_1650490386655 vcex_69e4b41c7853c\"><h2 class=\"vcex-page-title__heading wpex-heading wpex-text-3xl\"><span class=\"vcex-page-title__text\">B\u0130ZE ULA\u015eIN<\/span><\/h2><\/div><\/div><\/div><\/div><\/div><\/div>[\/vc_column][\/vc_row][vc_row full_width=&#8221;stretch_row_content_no_spaces&#8221; css=&#8221;.vc_custom_1649626912957{padding-top: 10% !important;padding-right: 10% !important;padding-left: 10% !important;background-color: rgba(255,255,255,0.65) !important;*background-color: rgb(255,255,255) !important;}&#8221;][vc_column][vc_column_text responsive_text=&#8221;true&#8221; css=&#8221;.vc_custom_1765994913451{padding-top: 2% !important;padding-right: 2% !important;padding-bottom: 2% !important;padding-left: 2% !important;background-color: #f2f2f2 !important;}&#8221; color=&#8221;rgba(0,0,0,0.45)&#8221;]L\u00fctfen mesaj\u0131n\u0131z\u0131, yorumlar\u0131n\u0131z\u0131, soru ve isteklerinizi a\u015fa\u011f\u0131daki formu doldurarak g\u00f6nderiniz.[\/vc_column_text]\n<div class=\"wpcf7 no-js\" id=\"wpcf7-f1866-o1\" lang=\"tr-TR\" dir=\"ltr\" data-wpcf7-id=\"1866\">\n<div class=\"screen-reader-response\"><p role=\"status\" aria-live=\"polite\" aria-atomic=\"true\"><\/p> <ul><\/ul><\/div>\n<form action=\"\/tr\/wp-json\/wp\/v2\/pages\/1844#wpcf7-f1866-o1\" method=\"post\" class=\"wpcf7-form init\" aria-label=\"\u0130leti\u015fim Formu\" novalidate=\"novalidate\" data-status=\"init\">\n<fieldset class=\"hidden-fields-container\"><input type=\"hidden\" name=\"_wpcf7\" value=\"1866\" \/><input type=\"hidden\" name=\"_wpcf7_version\" value=\"6.1.5\" \/><input type=\"hidden\" name=\"_wpcf7_locale\" value=\"tr_TR\" \/><input type=\"hidden\" name=\"_wpcf7_unit_tag\" value=\"wpcf7-f1866-o1\" \/><input type=\"hidden\" name=\"_wpcf7_container_post\" value=\"0\" \/><input type=\"hidden\" name=\"_wpcf7_posted_data_hash\" value=\"\" \/>\n<\/fieldset>\n<p><label> Ad\u0131n\u0131z<br \/>\n<span class=\"wpcf7-form-control-wrap\" data-name=\"your-name\"><input size=\"40\" maxlength=\"400\" class=\"wpcf7-form-control wpcf7-text wpcf7-validates-as-required\" aria-required=\"true\" aria-invalid=\"false\" value=\"\" type=\"text\" name=\"your-name\" \/><\/span> <\/label>\n<\/p>\n<p><label> E-posta adresiniz<br \/>\n<span class=\"wpcf7-form-control-wrap\" data-name=\"your-email\"><input size=\"40\" maxlength=\"400\" class=\"wpcf7-form-control wpcf7-email wpcf7-validates-as-required wpcf7-text wpcf7-validates-as-email\" aria-required=\"true\" aria-invalid=\"false\" value=\"\" type=\"email\" name=\"your-email\" \/><\/span> <\/label>\n<\/p>\n<p><label> Konu<br \/>\n<span class=\"wpcf7-form-control-wrap\" data-name=\"your-subject\"><input size=\"40\" maxlength=\"400\" class=\"wpcf7-form-control wpcf7-text wpcf7-validates-as-required\" aria-required=\"true\" aria-invalid=\"false\" value=\"\" type=\"text\" name=\"your-subject\" \/><\/span> <\/label>\n<\/p>\n<p><label> Mesaj\u0131n\u0131z (iste\u011fe ba\u011fl\u0131)<br \/>\n<span class=\"wpcf7-form-control-wrap\" data-name=\"your-message\"><textarea cols=\"40\" rows=\"10\" maxlength=\"2000\" class=\"wpcf7-form-control wpcf7-textarea\" aria-invalid=\"false\" name=\"your-message\"><\/textarea><\/span> <\/label>\n<\/p>\n<p><input class=\"wpcf7-form-control wpcf7-submit has-spinner\" type=\"submit\" value=\"G\u00f6nder\" \/>\n<\/p><div class=\"wpcf7-response-output\" aria-hidden=\"true\"><\/div>\n<\/form>\n<\/div>\n[vc_row_inner gap=&#8221;10&#8243; css=&#8221;.vc_custom_1649626547648{padding-top: 8% !important;padding-right: 2% !important;padding-bottom: 8% !important;padding-left: 2% !important;}&#8221;][vc_column_inner width=&#8221;1\/3&#8243;][vc_column_text responsive_text=&#8221;true&#8221; css=&#8221;.vc_custom_1649626411290{border-top-width: 1px !important;border-right-width: 1px !important;border-bottom-width: 1px !important;border-left-width: 1px !important;padding-top: 10px !important;padding-right: 10px !important;padding-bottom: 10px !important;padding-left: 10px !important;background-color: #ffffff !important;border-left-color: #aab5bf !important;border-left-style: solid !important;border-right-color: #aab5bf !important;border-right-style: solid !important;border-top-color: #aab5bf !important;border-top-style: solid !important;border-bottom-color: #aab5bf !important;border-bottom-style: solid !important;border-radius: 10px !important;}&#8221; font_family=&#8221;Questrial&#8221; text_align=&#8221;left&#8221;]<strong>Okan Durusu<\/strong><br \/>\nPazarlama M\u00fcd\u00fcr\u00fc<br \/>\n<a href=\"mailto:okan@arostriko.com\"><span  style=\"color:000;font-size:16px;\" class=\"wpex-icon\" aria-hidden=\"true\"><svg xmlns=\"http:\/\/www.w3.org\/2000\/svg\" viewBox=\"0 0 512 512\"><path d=\"M48 64C21.5 64 0 85.5 0 112c0 15.1 7.1 29.3 19.2 38.4L236.8 313.6c11.4 8.5 27 8.5 38.4 0L492.8 150.4c12.1-9.1 19.2-23.3 19.2-38.4c0-26.5-21.5-48-48-48H48zM0 176V384c0 35.3 28.7 64 64 64H448c35.3 0 64-28.7 64-64V176L294.4 339.2c-22.8 17.1-54 17.1-76.8 0L0 176z\"\/><\/svg><\/span><\/a> <a href=\"mailto:okan@arostriko.com\">okan@arostriko.com<\/a>[\/vc_column_text][\/vc_column_inner][vc_column_inner width=&#8221;1\/3&#8243;][vc_column_text css=&#8221;.vc_custom_1765994693793{border-top-width: 1px !important;border-right-width: 1px !important;border-bottom-width: 1px !important;border-left-width: 1px !important;padding-top: 10px !important;padding-right: 10px !important;padding-bottom: 10px !important;padding-left: 10px !important;background-color: #ffffff !important;border-left-style: solid !important;border-right-style: solid !important;border-top-style: solid !important;border-bottom-style: solid !important;border-radius: 10px !important;border-color: #aab5bf !important;}&#8221; font_family=&#8221;Questrial&#8221; text_align=&#8221;left&#8221;]<strong>Orkun \u00c7albur<\/strong><br \/>\nGenel M\u00fcd\u00fcr<br \/>\n<a href=\"mailto:orkun@arostriko.com\"><span  style=\"color:000;font-size:16px;\" class=\"wpex-icon\" aria-hidden=\"true\"><svg xmlns=\"http:\/\/www.w3.org\/2000\/svg\" viewBox=\"0 0 512 512\"><path d=\"M48 64C21.5 64 0 85.5 0 112c0 15.1 7.1 29.3 19.2 38.4L236.8 313.6c11.4 8.5 27 8.5 38.4 0L492.8 150.4c12.1-9.1 19.2-23.3 19.2-38.4c0-26.5-21.5-48-48-48H48zM0 176V384c0 35.3 28.7 64 64 64H448c35.3 0 64-28.7 64-64V176L294.4 339.2c-22.8 17.1-54 17.1-76.8 0L0 176z\"\/><\/svg><\/span><\/a> <a href=\"mailto:orkun@arostriko.com\">orkun@arostriko.com<\/a>[\/vc_column_text][\/vc_column_inner][vc_column_inner width=&#8221;1\/3&#8243;][vc_column_text responsive_text=&#8221;true&#8221; css=&#8221;.vc_custom_1649626226421{border-top-width: 1px !important;border-right-width: 1px !important;border-bottom-width: 1px !important;border-left-width: 1px !important;padding-top: 10px !important;padding-right: 10px !important;padding-bottom: 10px !important;padding-left: 10px !important;background-color: #ffffff !important;border-left-color: #aab5bf !important;border-left-style: solid !important;border-right-color: #aab5bf !important;border-right-style: solid !important;border-top-color: #aab5bf !important;border-top-style: solid !important;border-bottom-color: #aab5bf !important;border-bottom-style: solid !important;border-radius: 10px !important;}&#8221; text_align=&#8221;left&#8221;]<strong>Osman Uzun<\/strong><br \/>\nKurucu<br \/>\n<a href=\"mailto:osman@arostriko.com\"><span  style=\"color:000;font-size:16px;\" class=\"wpex-icon\" aria-hidden=\"true\"><svg xmlns=\"http:\/\/www.w3.org\/2000\/svg\" viewBox=\"0 0 512 512\"><path d=\"M48 64C21.5 64 0 85.5 0 112c0 15.1 7.1 29.3 19.2 38.4L236.8 313.6c11.4 8.5 27 8.5 38.4 0L492.8 150.4c12.1-9.1 19.2-23.3 19.2-38.4c0-26.5-21.5-48-48-48H48zM0 176V384c0 35.3 28.7 64 64 64H448c35.3 0 64-28.7 64-64V176L294.4 339.2c-22.8 17.1-54 17.1-76.8 0L0 176z\"\/><\/svg><\/span><\/a> <a href=\"mailto:osman@arostriko.com\">osman@arostriko.com<\/a>[\/vc_column_text][\/vc_column_inner][\/vc_row_inner][vc_row_inner remove_bottom_col_margin=&#8221;true&#8221; css=&#8221;.vc_custom_1649626687476{padding: 4% !important;background-color: #f2f2f2 !important;}&#8221;][vc_column_inner]<style>.vcex-heading.vcex_69e4b41c7aa69{font-size:1.8rem;font-family:Questrial;font-weight:600;}<\/style><h2 class=\"vcex-heading vcex-heading-plain vcex-module wpex-heading wpex-text-2xl wpex-h2 vc_custom_1765995321834 vcex_69e4b41c7aa69\"><span class=\"vcex-heading-inner wpex-inline-block\">AROS TR\u0130KO TEKST\u0130L MAK\u0130NA SAN. \u0130\u00c7 ve DI\u015e T\u0130C. LTD. \u015eT\u0130.<\/span><\/h2>[vc_column_text]M. Nesih \u00d6zmen Mah. Sava\u015f Cad. Karadal Sk. No:26\/3 G\u00fcng\u00f6ren, 34173 \u0130stanbul<br \/>\n<span  style=\"color:000;font-size:16px;\" class=\"wpex-icon\" aria-hidden=\"true\"><svg xmlns=\"http:\/\/www.w3.org\/2000\/svg\" viewBox=\"0 0 512 512\"><path d=\"M164.9 24.6c-7.7-18.6-28-28.5-47.4-23.2l-88 24C12.1 30.2 0 46 0 64C0 311.4 200.6 512 448 512c18 0 33.8-12.1 38.6-29.5l24-88c5.3-19.4-4.6-39.7-23.2-47.4l-96-40c-16.3-6.8-35.2-2.1-46.3 11.6L304.7 368C234.3 334.7 177.3 277.7 144 207.3L193.3 167c13.7-11.2 18.4-30 11.6-46.3l-40-96z\"\/><\/svg><\/span> +90 212 637 7560 <span  style=\"color:000;font-size:16px;\" class=\"wpex-icon\" aria-hidden=\"true\"><svg xmlns=\"http:\/\/www.w3.org\/2000\/svg\" viewBox=\"0 0 512 512\"><path d=\"M48 64C21.5 64 0 85.5 0 112c0 15.1 7.1 29.3 19.2 38.4L236.8 313.6c11.4 8.5 27 8.5 38.4 0L492.8 150.4c12.1-9.1 19.2-23.3 19.2-38.4c0-26.5-21.5-48-48-48H48zM0 176V384c0 35.3 28.7 64 64 64H448c35.3 0 64-28.7 64-64V176L294.4 339.2c-22.8 17.1-54 17.1-76.8 0L0 176z\"\/><\/svg><\/span> <a href=\"mailto:info@arostriko.com.tr\">info@arostriko.com.tr<\/a>[\/vc_column_text][\/vc_column_inner][\/vc_row_inner][vc_gmaps link=&#8221;#E-8_JTNDaWZyYW1lJTIwc3JjJTNEJTIyaHR0cHMlM0ElMkYlMkZ3d3cuZ29vZ2xlLmNvbSUyRm1hcHMlMkZlbWJlZCUzRnBiJTNEJTIxMW0xOCUyMTFtMTIlMjExbTMlMjExZDE1MDUuMjMxMDc3NjQzMjcyMyUyMTJkMjguODg1NjM3Nzg5NTE4MTMlMjEzZDQxLjAxNTE0MzkxMTc5ODQ2JTIxMm0zJTIxMWYwJTIxMmYwJTIxM2YwJTIxM20yJTIxMWkxMDI0JTIxMmk3NjglMjE0ZjEzLjElMjEzbTMlMjExbTIlMjExczB4MTRjYWJiMWVkNWQ2ZWQ3MyUyNTNBMHgzNTU4NWM4MmRmYWE2MjEyJTIxMnpUV1ZvYldWMElFNWxjMmxvSU1PV2VtMWxiaXdnUzJGeVlXUmhiQ0JUYjJ0aFo4U3hJRTV2T2pJMkxDQXpOREUzTXlCSHc3eHVaOE8yY21WdUw4U3djM1JoYm1KMWJBJTIxNWUwJTIxM20yJTIxMXNlbiUyMTJzdHIlMjE0djE2NDUxMzQ4NTY3OTYlMjE1bTIlMjExc2VuJTIxMnN0ciUyMiUyMHdpZHRoJTNEJTIyNjAwJTIyJTIwaGVpZ2h0JTNEJTIyNDUwJTIyJTIwc3R5bGUlM0QlMjJib3JkZXIlM0EwJTNCJTIyJTIwYWxsb3dmdWxsc2NyZWVuJTNEJTIyJTIyJTIwbG9hZGluZyUzRCUyMmxhenklMjIlM0UlM0MlMkZpZnJhbWUlM0U=&#8221; css=&#8221;.vc_custom_1650489465013{padding: 10px !important;background-color: #f2f2f2 !important;}&#8221;][\/vc_column][\/vc_row][vc_row][vc_column]<div class=\"templatera_shortcode\"><style type=\"text\/css\" data-type=\"vc_shortcodes-custom-css\">.vc_custom_1650495476877{background-color: #f2f2f2 !important;}.vc_custom_1650490919434{border-bottom-width: 1px !important;padding-top: 10px !important;background-color: #f2f2f2 !important;border-bottom-color: #ec2627 !important;border-bottom-style: solid !important;}.vc_custom_1650495581041{background-color: #f2f2f2 !important;}.vc_custom_1650495573360{border-bottom-width: 1px !important;padding-top: 10px !important;background-color: #f2f2f2 !important;border-bottom-color: #ec2627 !important;border-bottom-style: solid !important;}<\/style><div class=\"vc_row wpb_row vc_row-fluid vc_custom_1650495476877 wpex-relative wpex-vc_row-has-fill hidden-phone wpex-vc-row-boxed-layout-stretched vc_row-no-padding wpex-vc-reset-negative-margin wpex-has-shape-divider-top\" style=\"min-height:100px;\"><div class=\"wpex-shape-divider wpex-shape-divider-triangle_asymmetrical wpex-shape-divider-top wpex-absolute wpex-overflow-hidden wpex-top-0 wpex-left-0 wpex-w-100 wpex-leading-none wpex-ltr\"><svg class=\"wpex-shape-divider-svg\" style=\"height:126px;width:calc(150% + 1.3px);\" xmlns=\"http:\/\/www.w3.org\/2000\/svg\" viewBox=\"0 0 1000 100\" preserveAspectRatio=\"none\"><path class=\"wpex-shape-divider-path\" fill=\"#fff\" d=\"M738,99l262-93V0H0v5.6L738,99z\"\/><\/svg><\/div><div class=\"wpb_column vc_column_container vc_col-sm-12\"><div class=\"vc_column-inner\"><div class=\"wpb_wrapper\"><div class=\"vc_empty_space\"   style=\"height: 120px\"><span class=\"vc_empty_space_inner\"><\/span><\/div><\/div><\/div><\/div><\/div><div class=\"vc_row wpb_row vc_row-fluid vc_custom_1650490919434 wpex-relative wpex-vc_row-has-fill hidden-phone wpex-vc-row-boxed-layout-stretched vc_row-no-padding no-bottom-margins wpex-vc-reset-negative-margin\"><div class=\"wpb_column vc_column_container vc_col-sm-12\"><div class=\"vc_column-inner\"><div class=\"wpb_wrapper\">\n\t<div  class=\"wpb_single_image wpb_content_element vc_align_ wpb_content_element\">\n\t\t\n\t\t<figure class=\"wpb_wrapper vc_figure\">\n\t\t\t<div class=\"vc_single_image-wrapper   vc_box_border_grey\"><img width=\"1066\" height=\"100\" src=\"https:\/\/arostriko.com.tr\/wp-content\/uploads\/2022\/04\/logolar-1.png\" class=\"vc_single_image-img attachment-full\" alt=\"\" title=\"logolar\" srcset=\"https:\/\/arostriko.com.tr\/wp-content\/uploads\/2022\/04\/logolar-1.png 1066w, https:\/\/arostriko.com.tr\/wp-content\/uploads\/2022\/04\/logolar-1-300x28.png 300w, https:\/\/arostriko.com.tr\/wp-content\/uploads\/2022\/04\/logolar-1-1024x96.png 1024w, https:\/\/arostriko.com.tr\/wp-content\/uploads\/2022\/04\/logolar-1-768x72.png 768w\" sizes=\"(max-width: 1066px) 100vw, 1066px\" \/><\/div>\n\t\t<\/figure>\n\t<\/div>\n<\/div><\/div><\/div><\/div><div class=\"vc_row wpb_row vc_row-fluid vc_custom_1650495581041 wpex-relative wpex-vc_row-has-fill visible-phone wpex-vc-row-boxed-layout-stretched vc_row-no-padding wpex-vc-reset-negative-margin wpex-has-shape-divider-top\" style=\"min-height:20px;\"><div class=\"wpex-shape-divider wpex-shape-divider-triangle_asymmetrical wpex-shape-divider-top wpex-absolute wpex-overflow-hidden wpex-top-0 wpex-left-0 wpex-w-100 wpex-leading-none wpex-ltr\"><svg class=\"wpex-shape-divider-svg\" style=\"height:46px;width:calc(150% + 1.3px);\" xmlns=\"http:\/\/www.w3.org\/2000\/svg\" viewBox=\"0 0 1000 100\" preserveAspectRatio=\"none\"><path class=\"wpex-shape-divider-path\" fill=\"#fff\" d=\"M738,99l262-93V0H0v5.6L738,99z\"\/><\/svg><\/div><div class=\"wpb_column vc_column_container vc_col-sm-12\"><div class=\"vc_column-inner\"><div class=\"wpb_wrapper\"><div class=\"vc_empty_space\"   style=\"height: 40px\"><span class=\"vc_empty_space_inner\"><\/span><\/div><\/div><\/div><\/div><\/div><div class=\"vc_row wpb_row vc_row-fluid vc_custom_1650495573360 wpex-relative wpex-vc_row-has-fill visible-phone wpex-vc-row-boxed-layout-stretched vc_row-no-padding no-bottom-margins wpex-vc-reset-negative-margin\"><div class=\"wpb_column vc_column_container vc_col-sm-12\"><div class=\"vc_column-inner\"><div class=\"wpb_wrapper\">\n\t<div  class=\"wpb_single_image wpb_content_element vc_align_ wpb_content_element\">\n\t\t\n\t\t<figure class=\"wpb_wrapper vc_figure\">\n\t\t\t<div class=\"vc_single_image-wrapper   vc_box_border_grey\"><img width=\"1066\" height=\"100\" src=\"https:\/\/arostriko.com.tr\/wp-content\/uploads\/2022\/04\/logolar-1.png\" class=\"vc_single_image-img attachment-full\" alt=\"\" title=\"logolar\" srcset=\"https:\/\/arostriko.com.tr\/wp-content\/uploads\/2022\/04\/logolar-1.png 1066w, https:\/\/arostriko.com.tr\/wp-content\/uploads\/2022\/04\/logolar-1-300x28.png 300w, https:\/\/arostriko.com.tr\/wp-content\/uploads\/2022\/04\/logolar-1-1024x96.png 1024w, https:\/\/arostriko.com.tr\/wp-content\/uploads\/2022\/04\/logolar-1-768x72.png 768w\" sizes=\"(max-width: 1066px) 100vw, 1066px\" \/><\/div>\n\t\t<\/figure>\n\t<\/div>\n<\/div><\/div><\/div><\/div>\n<\/div>[\/vc_column][\/vc_row]\n<\/div>","protected":false},"excerpt":{"rendered":"B\u0130ZE ULA\u015eINB\u0130ZE ULA\u015eIN L\u00fctfen mesaj\u0131n\u0131z\u0131, yorumlar\u0131n\u0131z\u0131, soru ve isteklerinizi a\u015fa\u011f\u0131daki formu doldurarak g\u00f6nderiniz. Ad\u0131n\u0131z E-posta adresiniz Konu Mesaj\u0131n\u0131z (iste\u011fe ba\u011fl\u0131) Okan Durusu Pazarlama M\u00fcd\u00fcr\u00fc okan@arostriko.com Orkun \u00c7albur Genel M\u00fcd\u00fcr orkun@arostriko.com Osman Uzun Kurucu osman@arostriko.com AROS TR\u0130KO TEKST\u0130L MAK\u0130NA SAN. \u0130\u00c7 ve DI\u015e T\u0130C. LTD. \u015eT\u0130. M. Nesih \u00d6zmen Mah. Sava\u015f Cad. Karadal Sk. No:26\/3 G\u00fcng\u00f6ren,&hellip;","protected":false},"author":1,"featured_media":0,"parent":0,"menu_order":0,"comment_status":"closed","ping_status":"closed","template":"","meta":{"footnotes":""},"class_list":["post-1844","page","type-page","status-publish","hentry","entry","no-media"],"_links":{"self":[{"href":"https:\/\/arostriko.com.tr\/tr\/wp-json\/wp\/v2\/pages\/1844","targetHints":{"allow":["GET"]}}],"collection":[{"href":"https:\/\/arostriko.com.tr\/tr\/wp-json\/wp\/v2\/pages"}],"about":[{"href":"https:\/\/arostriko.com.tr\/tr\/wp-json\/wp\/v2\/types\/page"}],"author":[{"embeddable":true,"href":"https:\/\/arostriko.com.tr\/tr\/wp-json\/wp\/v2\/users\/1"}],"replies":[{"embeddable":true,"href":"https:\/\/arostriko.com.tr\/tr\/wp-json\/wp\/v2\/comments?post=1844"}],"version-history":[{"count":6,"href":"https:\/\/arostriko.com.tr\/tr\/wp-json\/wp\/v2\/pages\/1844\/revisions"}],"predecessor-version":[{"id":1905,"href":"https:\/\/arostriko.com.tr\/tr\/wp-json\/wp\/v2\/pages\/1844\/revisions\/1905"}],"wp:attachment":[{"href":"https:\/\/arostriko.com.tr\/tr\/wp-json\/wp\/v2\/media?parent=1844"}],"curies":[{"name":"wp","href":"https:\/\/api.w.org\/{rel}","templated":true}]}}